{"id":452,"date":"2025-10-28T19:58:11","date_gmt":"2025-10-28T19:58:11","guid":{"rendered":"http:\/\/eltoritoperdigon.es\/?page_id=452"},"modified":"2025-10-28T21:34:15","modified_gmt":"2025-10-28T21:34:15","slug":"portal-de-transparencia","status":"publish","type":"page","link":"http:\/\/eltoritoperdigon.es\/?page_id=452","title":{"rendered":"Portal de transparencia"},"content":{"rendered":"\n<div class=\"wp-block-group alignfull has-global-padding is-layout-constrained wp-container-core-group-is-layout-490fa1db wp-block-group-is-layout-constrained\" style=\"padding-top:var(--wp--preset--spacing--50);padding-right:var(--wp--preset--spacing--50);padding-bottom:var(--wp--preset--spacing--50);padding-left:var(--wp--preset--spacing--50)\">\n<div style=\"height:var(--wp--preset--spacing--30)\" aria-hidden=\"true\" class=\"wp-block-spacer\"><\/div>\n\n\n\n<div class=\"wp-block-cover alignwide\"><img loading=\"lazy\" decoding=\"async\" width=\"1536\" height=\"1024\" class=\"wp-block-cover__image-background wp-image-459\" alt=\"\" src=\"http:\/\/eltoritoperdigon.es\/wp-content\/uploads\/2025\/10\/9df6f97f-0d37-4677-aae5-2783f3b05af9.png\" data-object-fit=\"cover\" srcset=\"http:\/\/eltoritoperdigon.es\/wp-content\/uploads\/2025\/10\/9df6f97f-0d37-4677-aae5-2783f3b05af9.png 1536w, http:\/\/eltoritoperdigon.es\/wp-content\/uploads\/2025\/10\/9df6f97f-0d37-4677-aae5-2783f3b05af9-300x200.png 300w, http:\/\/eltoritoperdigon.es\/wp-content\/uploads\/2025\/10\/9df6f97f-0d37-4677-aae5-2783f3b05af9-1024x683.png 1024w, http:\/\/eltoritoperdigon.es\/wp-content\/uploads\/2025\/10\/9df6f97f-0d37-4677-aae5-2783f3b05af9-768x512.png 768w\" sizes=\"auto, (max-width: 1536px) 100vw, 1536px\" \/><span aria-hidden=\"true\" class=\"wp-block-cover__background has-background-dim\"><\/span><div class=\"wp-block-cover__inner-container is-layout-flow wp-block-cover-is-layout-flow\">\n<p class=\"has-text-align-center has-large-font-size\">Compromiso con la transparencia <br>en la gesti\u00f3n<\/p>\n<\/div><\/div>\n<\/div>\n\n\n\n<div class=\"wp-block-group alignfull has-global-padding is-layout-constrained wp-container-core-group-is-layout-d89aad35 wp-block-group-is-layout-constrained\" style=\"margin-top:0;margin-bottom:0;padding-top:var(--wp--preset--spacing--50);padding-right:var(--wp--preset--spacing--50);padding-bottom:var(--wp--preset--spacing--50);padding-left:var(--wp--preset--spacing--50)\">\n<h2 class=\"wp-block-heading alignwide\">Memorias econ\u00f3micas<\/h2>\n\n\n\n<details class=\"wp-block-details alignwide is-layout-flow wp-block-details-is-layout-flow\"><summary><strong>A\u00f1o 2024<\/strong><\/summary>\n<p class=\"has-text-align-center\">Memoria econ\u00f3mica aprobada por la Asamblea General ordinaria celebrada el 4 de enero de 2025. <\/p>\n\n\n\n<div class=\"wp-block-buttons is-content-justification-center is-layout-flex wp-container-core-buttons-is-layout-a89b3969 wp-block-buttons-is-layout-flex\">\n<div class=\"wp-block-button\"><a class=\"wp-block-button__link wp-element-button\">Informe econ\u00f3mico 2024<\/a><\/div>\n<\/div>\n<\/details>\n\n\n\n<details class=\"wp-block-details alignwide is-layout-flow wp-block-details-is-layout-flow\"><summary><strong>A\u00f1o 2023<\/strong><\/summary>\n<p class=\"has-text-align-center\">Memoria econ\u00f3mica aprobada por la Asamblea General ordinaria celebrada el 30 de marzo de 2024. <\/p>\n\n\n\n<div class=\"wp-block-buttons is-content-justification-center is-layout-flex wp-container-core-buttons-is-layout-a89b3969 wp-block-buttons-is-layout-flex\">\n<div class=\"wp-block-button\"><a class=\"wp-block-button__link wp-element-button\" href=\"http:\/\/eltoritoperdigon.es\/wp-content\/uploads\/2025\/10\/2024-03-30-Informe-tesoreria-2023-para-web.pdf\" target=\"_blank\" rel=\"noreferrer noopener\">Informe econ\u00f3mico 2023<\/a><\/div>\n<\/div>\n<\/details>\n\n\n\n<div style=\"height:20px\" aria-hidden=\"true\" class=\"wp-block-spacer\"><\/div>\n\n\n\n<h2 class=\"wp-block-heading alignwide\">Estatutos<\/h2>\n\n\n\n<details class=\"wp-block-details alignwide is-layout-flow wp-block-details-is-layout-flow\"><summary><strong>Estatutos 07-10-2023 (vigentes)<\/strong><\/summary>\n<p>Aprobados por la Asamblea General Extraordinaria celebrada el 7 de octubre de 2023. Modificaci\u00f3n para la adaptaci\u00f3n a Ley Org\u00e1nica 1\/2002, de 22 de marzo, reguladora del derecho de asociaci\u00f3n. Aprobada por Resoluci\u00f3n del Ilmo. Delegado Territorial de la Junta de Castilla y Le\u00f3n en Salamanca de fecha de 2 de noviembre de 2023.<\/p>\n\n\n\n<div class=\"wp-block-buttons is-content-justification-center is-layout-flex wp-container-core-buttons-is-layout-a89b3969 wp-block-buttons-is-layout-flex\">\n<div class=\"wp-block-button\"><a class=\"wp-block-button__link wp-element-button\" href=\"http:\/\/eltoritoperdigon.es\/wp-content\/uploads\/2025\/10\/Inscripcion-de-modificacion-de-estatutos.pdf\" target=\"_blank\" rel=\"noreferrer noopener\">Estatutos 2023<\/a><\/div>\n<\/div>\n<\/details>\n\n\n\n<details class=\"wp-block-details alignwide is-layout-flow wp-block-details-is-layout-flow\"><summary><strong>Estatutos 06-10-1989 (derogados)<\/strong><\/summary>\n<p>Aprobados el 6 de octubre de 1989. Estatutos fundacionales. Aprobada inscripci\u00f3n en el registro provincial de asociaciones por el Gobernador Civil en Salamanca el 24 de octubre de 1989.<\/p>\n\n\n\n<div class=\"wp-block-buttons is-content-justification-center is-layout-flex wp-container-core-buttons-is-layout-a89b3969 wp-block-buttons-is-layout-flex\">\n<div class=\"wp-block-button\"><a class=\"wp-block-button__link wp-element-button\" href=\"http:\/\/eltoritoperdigon.es\/wp-content\/uploads\/2025\/10\/1989-10-24-Estatutos.pdf\" target=\"_blank\" rel=\"noreferrer noopener\">Estatutos 1989<\/a><\/div>\n<\/div>\n<\/details>\n\n\n\n<div style=\"height:20px\" aria-hidden=\"true\" class=\"wp-block-spacer\"><\/div>\n\n\n\n<h2 class=\"wp-block-heading alignwide\">Juntas directivas<\/h2>\n\n\n\n<details class=\"wp-block-details alignwide is-layout-flow wp-block-details-is-layout-flow\"><summary><strong>Junta directiva 07-10-2023 (vencida)<\/strong> <\/summary>\n<p>Nombrada por la Asamblea General Extraordinaria celebrada el 7 de octubre de 2023. <\/p>\n\n\n\n<div class=\"wp-block-buttons is-content-justification-center is-layout-flex wp-container-core-buttons-is-layout-a89b3969 wp-block-buttons-is-layout-flex\">\n<div class=\"wp-block-button\"><a class=\"wp-block-button__link wp-element-button\" href=\"http:\/\/eltoritoperdigon.es\/wp-content\/uploads\/2025\/10\/2023-10-10-Certificado-modificacion-organos-de-gobierno-para-web.pdf\" target=\"_blank\" rel=\"noreferrer noopener\">Certificado de modificaci\u00f3n<\/a><\/div>\n\n\n\n<div class=\"wp-block-button\"><a class=\"wp-block-button__link wp-element-button\" href=\"http:\/\/eltoritoperdigon.es\/wp-content\/uploads\/2025\/10\/2024-02-12-Certificado-composicion-Junta-Directiva.pdf\" target=\"_blank\" rel=\"noreferrer noopener\">Certificado de cargos de representaci\u00f3n<\/a><\/div>\n<\/div>\n<\/details>\n\n\n\n<div style=\"height:20px\" aria-hidden=\"true\" class=\"wp-block-spacer\"><\/div>\n\n\n\n<h2 class=\"wp-block-heading alignwide\">Asambleas generales<\/h2>\n\n\n\n<p> <\/p>\n\n\n\n<details class=\"wp-block-details alignwide is-layout-flow wp-block-details-is-layout-flow\"><summary><strong>Asamblea General Extraordinaria 02-11-2025<\/strong><\/summary>\n<div class=\"wp-block-buttons is-content-justification-center is-layout-flex wp-container-core-buttons-is-layout-a89b3969 wp-block-buttons-is-layout-flex\">\n<div class=\"wp-block-button\"><a class=\"wp-block-button__link wp-element-button\" href=\"http:\/\/eltoritoperdigon.es\/wp-content\/uploads\/2025\/10\/2025-10-25-Convocatoria-Asamblea-Extraordinaria.pdf\" target=\"_blank\" rel=\"noreferrer noopener\">Convocatoria<\/a><\/div>\n\n\n\n<div class=\"wp-block-button\"><a class=\"wp-block-button__link wp-element-button\">Acta<\/a><\/div>\n<\/div>\n<\/details>\n\n\n\n<details class=\"wp-block-details alignwide is-layout-flow wp-block-details-is-layout-flow\"><summary><strong>Asamblea General Ordinaria 04-01-2025<\/strong><\/summary>\n<div class=\"wp-block-buttons is-content-justification-center is-layout-flex wp-container-core-buttons-is-layout-a89b3969 wp-block-buttons-is-layout-flex\">\n<div class=\"wp-block-button\"><a class=\"wp-block-button__link wp-element-button\" href=\"http:\/\/eltoritoperdigon.es\/wp-content\/uploads\/2025\/10\/2024-12-20-Convocatoria-Asamblea-General-Ordinaria.pdf\" target=\"_blank\" rel=\"noreferrer noopener\">Convocatoria<\/a><\/div>\n\n\n\n<div class=\"wp-block-button\"><a class=\"wp-block-button__link wp-element-button\">Acta<\/a><\/div>\n<\/div>\n<\/details>\n\n\n\n<details class=\"wp-block-details alignwide is-layout-flow wp-block-details-is-layout-flow\"><summary><strong>Asamblea General Ordinaria 30-03-2024<\/strong><\/summary>\n<div class=\"wp-block-buttons is-content-justification-center is-layout-flex wp-container-core-buttons-is-layout-a89b3969 wp-block-buttons-is-layout-flex\">\n<div class=\"wp-block-button\"><a class=\"wp-block-button__link wp-element-button\" href=\"http:\/\/eltoritoperdigon.es\/wp-content\/uploads\/2025\/10\/2024-03-15-Convocatoria-Asamblea-General-Ordinaria.pdf\" target=\"_blank\" rel=\"noreferrer noopener\">Convocatoria<\/a><\/div>\n\n\n\n<div class=\"wp-block-button\"><a class=\"wp-block-button__link wp-element-button\" href=\"http:\/\/eltoritoperdigon.es\/wp-content\/uploads\/2025\/10\/2024-03-30-Acta-Asamblea-General-Ordinaria.pdf\" target=\"_blank\" rel=\"noreferrer noopener\">Acta<\/a><\/div>\n<\/div>\n<\/details>\n\n\n\n<details class=\"wp-block-details alignwide is-layout-flow wp-block-details-is-layout-flow\"><summary><strong>General Extraordinaria 07-10-2023<\/strong><\/summary>\n<div class=\"wp-block-buttons is-content-justification-center is-layout-flex wp-container-core-buttons-is-layout-a89b3969 wp-block-buttons-is-layout-flex\">\n<div class=\"wp-block-button\"><a class=\"wp-block-button__link wp-element-button\" href=\"http:\/\/eltoritoperdigon.es\/wp-content\/uploads\/2025\/10\/2023-09-29-Convocatoria-Asamblea-Extraordinaria-para-web.pdf\" target=\"_blank\" rel=\"noreferrer noopener\">Convocatoria<\/a><\/div>\n\n\n\n<div class=\"wp-block-button\"><a class=\"wp-block-button__link wp-element-button\" href=\"http:\/\/eltoritoperdigon.es\/wp-content\/uploads\/2025\/10\/2023-10-07-Acta-Asamblea-General-Extraordinaria.pdf\" target=\"_blank\" rel=\"noreferrer noopener\">Acta<\/a><\/div>\n<\/div>\n<\/details>\n<\/div>\n\n\n\n<div class=\"wp-block-group alignfull has-global-padding is-layout-constrained wp-container-core-group-is-layout-d89aad35 wp-block-group-is-layout-constrained\" style=\"margin-top:0;margin-bottom:0;padding-top:var(--wp--preset--spacing--50);padding-right:var(--wp--preset--spacing--50);padding-bottom:var(--wp--preset--spacing--50);padding-left:var(--wp--preset--spacing--50)\">\n<div class=\"wp-block-group alignwide has-base-2-background-color has-background has-global-padding is-layout-constrained wp-container-core-group-is-layout-39412042 wp-block-group-is-layout-constrained\" style=\"border-radius:16px;padding-top:var(--wp--preset--spacing--40);padding-right:var(--wp--preset--spacing--50);padding-bottom:var(--wp--preset--spacing--40);padding-left:var(--wp--preset--spacing--50)\">\n<div style=\"height:var(--wp--preset--spacing--10)\" aria-hidden=\"true\" class=\"wp-block-spacer\"><\/div>\n\n\n\n<h2 class=\"wp-block-heading has-text-align-center has-x-large-font-size\">\u00danete a nuestros m\u00e1s de 200 socios<\/h2>\n\n\n\n<p class=\"has-text-align-center\">S\u00famate a nuestra comunidad y ay\u00fadanos a promover la cultura<\/p>\n\n\n\n<div class=\"wp-block-buttons is-content-justification-center is-layout-flex wp-container-core-buttons-is-layout-a89b3969 wp-block-buttons-is-layout-flex\">\n<div class=\"wp-block-button\"><a class=\"wp-block-button__link wp-element-button\" href=\"https:\/\/forms.gle\/2w1dn6evm5VdfB7i9\">Hazte socio<\/a><\/div>\n<\/div>\n\n\n\n<div style=\"height:var(--wp--preset--spacing--10)\" aria-hidden=\"true\" class=\"wp-block-spacer\"><\/div>\n<\/div>\n<\/div>\n","protected":false},"excerpt":{"rendered":"<p>Memorias econ\u00f3micas Estatutos Juntas directivas Asambleas generales \u00danete a nuestros m\u00e1s de 200 socios S\u00famate a nuestra comunidad y ay\u00fadanos a promover la cultura<\/p>\n","protected":false},"author":1,"featured_media":0,"parent":0,"menu_order":0,"comment_status":"closed","ping_status":"closed","template":"","meta":{"footnotes":""},"class_list":["post-452","page","type-page","status-publish","hentry"],"_links":{"self":[{"href":"http:\/\/eltoritoperdigon.es\/index.php?rest_route=\/wp\/v2\/pages\/452","targetHints":{"allow":["GET"]}}],"collection":[{"href":"http:\/\/eltoritoperdigon.es\/index.php?rest_route=\/wp\/v2\/pages"}],"about":[{"href":"http:\/\/eltoritoperdigon.es\/index.php?rest_route=\/wp\/v2\/types\/page"}],"author":[{"embeddable":true,"href":"http:\/\/eltoritoperdigon.es\/index.php?rest_route=\/wp\/v2\/users\/1"}],"replies":[{"embeddable":true,"href":"http:\/\/eltoritoperdigon.es\/index.php?rest_route=%2Fwp%2Fv2%2Fcomments&post=452"}],"version-history":[{"count":10,"href":"http:\/\/eltoritoperdigon.es\/index.php?rest_route=\/wp\/v2\/pages\/452\/revisions"}],"predecessor-version":[{"id":481,"href":"http:\/\/eltoritoperdigon.es\/index.php?rest_route=\/wp\/v2\/pages\/452\/revisions\/481"}],"wp:attachment":[{"href":"http:\/\/eltoritoperdigon.es\/index.php?rest_route=%2Fwp%2Fv2%2Fmedia&parent=452"}],"curies":[{"name":"wp","href":"https:\/\/api.w.org\/{rel}","templated":true}]}}