{"id":88,"date":"2025-10-22T13:03:21","date_gmt":"2025-10-22T13:03:21","guid":{"rendered":"http:\/\/eltoritoperdigon.es\/?page_id=88"},"modified":"2026-01-26T09:50:48","modified_gmt":"2026-01-26T09:50:48","slug":"sobre-la-asociacion","status":"publish","type":"page","link":"http:\/\/eltoritoperdigon.es\/?page_id=88","title":{"rendered":"Qui\u00e9nes somos"},"content":{"rendered":"\n<div class=\"wp-block-group alignfull has-accent-background-color has-background has-global-padding is-layout-constrained wp-container-core-group-is-layout-669513ed wp-block-group-is-layout-constrained\" style=\"margin-top:0;margin-bottom:0;padding-top:var(--wp--preset--spacing--50);padding-right:var(--wp--preset--spacing--50);padding-bottom:var(--wp--preset--spacing--50);padding-left:var(--wp--preset--spacing--50)\">\n<div class=\"wp-block-columns alignwide is-layout-flex wp-container-core-columns-is-layout-1da03c2a wp-block-columns-is-layout-flex\">\n<div class=\"wp-block-column is-vertically-aligned-stretch is-layout-flow wp-block-column-is-layout-flow\" style=\"flex-basis:50%\">\n<div class=\"wp-block-group is-vertical is-content-justification-stretch is-layout-flex wp-container-core-group-is-layout-444d5ee8 wp-block-group-is-layout-flex\" style=\"min-height:100%\">\n<p class=\"has-heading-font-family has-x-large-font-size\" style=\"line-height:1.2\">La Asociaci\u00f3n Cultural \u00abEl Torito Perdig\u00f3n\u00bb fue fundada en 1989 en el municipio de Valderrodrigo.<\/p>\n\n\n\n<div class=\"wp-block-group has-global-padding is-content-justification-left is-layout-constrained wp-container-core-group-is-layout-9fe8ed88 wp-block-group-is-layout-constrained\">\n<p><\/p>\n\n\n\n<div class=\"wp-block-buttons is-layout-flex wp-block-buttons-is-layout-flex\">\n<div class=\"wp-block-button\"><a class=\"wp-block-button__link wp-element-button\" href=\"#Historia\">Conoce nuestra historia<\/a><\/div>\n<\/div>\n<\/div>\n<\/div>\n<\/div>\n\n\n\n<div class=\"wp-block-column is-vertically-aligned-center is-layout-flow wp-block-column-is-layout-flow\" style=\"flex-basis:50%\">\n<figure class=\"wp-block-image size-large is-style-rounded is-style-rounded--1\"><img loading=\"lazy\" decoding=\"async\" width=\"1024\" height=\"682\" src=\"http:\/\/eltoritoperdigon.es\/wp-content\/uploads\/2025\/10\/IMG_0687_251005211314-1024x682.jpeg\" alt=\"\" class=\"wp-image-98\" style=\"aspect-ratio:3\/4;object-fit:cover\" srcset=\"http:\/\/eltoritoperdigon.es\/wp-content\/uploads\/2025\/10\/IMG_0687_251005211314-1024x682.jpeg 1024w, http:\/\/eltoritoperdigon.es\/wp-content\/uploads\/2025\/10\/IMG_0687_251005211314-300x200.jpeg 300w, http:\/\/eltoritoperdigon.es\/wp-content\/uploads\/2025\/10\/IMG_0687_251005211314-768x512.jpeg 768w, http:\/\/eltoritoperdigon.es\/wp-content\/uploads\/2025\/10\/IMG_0687_251005211314.jpeg 1400w\" sizes=\"auto, (max-width: 1024px) 100vw, 1024px\" \/><\/figure>\n<\/div>\n<\/div>\n<\/div>\n\n\n\n<div class=\"wp-block-group alignfull has-base-background-color has-background has-global-padding is-layout-constrained wp-container-core-group-is-layout-d89aad35 wp-block-group-is-layout-constrained\" style=\"margin-top:0;margin-bottom:0;padding-top:var(--wp--preset--spacing--50);padding-right:var(--wp--preset--spacing--50);padding-bottom:var(--wp--preset--spacing--50);padding-left:var(--wp--preset--spacing--50)\">\n<div class=\"wp-block-columns alignwide is-layout-flex wp-container-core-columns-is-layout-549b0c86 wp-block-columns-is-layout-flex\">\n<div class=\"wp-block-column has-global-padding is-content-justification-left is-layout-constrained wp-container-core-column-is-layout-4f15e8fe wp-block-column-is-layout-constrained\" style=\"flex-basis:40%\">\n<h2 class=\"wp-block-heading\">La asociaci\u00f3n<\/h2>\n<\/div>\n\n\n\n<div class=\"wp-block-column is-layout-flow wp-container-core-column-is-layout-119bc444 wp-block-column-is-layout-flow\" style=\"flex-basis:60%\">\n<p>La Asociaci\u00f3n Cultural \u00abEl Torito Perdig\u00f3n\u00bb es una asociaci\u00f3n cultural sin \u00e1nimo de lucro cuya sede social se encuentra en las antiguas escuelas municipales de Valderrodrigo. En la actualidad la asociaci\u00f3n est\u00e1 formada por m\u00e1s de doscientos socios.<\/p>\n\n\n\n<p>Los objetivos de nuestra asociaci\u00f3n son promover la cultura en el \u00e1mbito rural, fomentar acciones de promoci\u00f3n de la comunidad que favorezcan la convivencia y promocional las pr\u00e1cticas deportivas. Para el cumplimiento de estos, se realizan actividades culturales diversas, relacionadas con la lectura, el cine, la m\u00fasica y el teatro, entre otras. Adem\u00e1s, promovemos acciones de proyecci\u00f3n del patrimonio hist\u00f3rico y cultural y otras que fomenten la convivencia de la comunidad.<\/p>\n\n\n\n<p>En otra l\u00ednea, desde la asociaci\u00f3n se organizan y promueven torneos y pruebas deportivas, con el objetivo de fomentar los h\u00e1bitos saludables.<\/p>\n<\/div>\n<\/div>\n<\/div>\n\n\n\n<div class=\"wp-block-group alignfull has-accent-5-background-color has-background has-global-padding is-layout-constrained wp-container-core-group-is-layout-d89aad35 wp-block-group-is-layout-constrained\" style=\"margin-top:0;margin-bottom:0;padding-top:var(--wp--preset--spacing--50);padding-right:var(--wp--preset--spacing--50);padding-bottom:var(--wp--preset--spacing--50);padding-left:var(--wp--preset--spacing--50)\">\n<div class=\"wp-block-columns alignwide is-layout-flex wp-container-core-columns-is-layout-1da03c2a wp-block-columns-is-layout-flex\">\n<div class=\"wp-block-column is-vertically-aligned-center is-layout-flow wp-block-column-is-layout-flow\" style=\"flex-basis:60%\">\n<figure class=\"wp-block-image size-full is-style-rounded wp-duotone-duotone-1 is-style-rounded--2\"><img loading=\"lazy\" decoding=\"async\" width=\"500\" height=\"429\" src=\"http:\/\/eltoritoperdigon.es\/wp-content\/uploads\/2025\/10\/2023-09-Logo.jpg\" alt=\"\" class=\"wp-image-96\" style=\"aspect-ratio:4\/3;object-fit:cover\" srcset=\"http:\/\/eltoritoperdigon.es\/wp-content\/uploads\/2025\/10\/2023-09-Logo.jpg 500w, http:\/\/eltoritoperdigon.es\/wp-content\/uploads\/2025\/10\/2023-09-Logo-300x257.jpg 300w\" sizes=\"auto, (max-width: 500px) 100vw, 500px\" \/><\/figure>\n<\/div>\n\n\n\n<div class=\"wp-block-column is-layout-flow wp-block-column-is-layout-flow\" style=\"flex-basis:40%\">\n<h2 class=\"wp-block-heading\" id=\"Historia\">Historia<\/h2>\n\n\n\n<p>La Asociaci\u00f3n Cultural \u00abEl Torito Perdig\u00f3n\u00bb fue fundada en 1989 en el municipio de Valderrodrigo, con fines similares a los actuales.<\/p>\n\n\n\n<p>Tras un periodo sin actividad, la asociaci\u00f3n retoma sus acciones en octubre de 2023. Entre las primeras acciones se efect\u00faa una reforma de los estatutos de la asociaci\u00f3n, con el objetivo de adaptarlos a la legislaci\u00f3n vigente. En ese momento tambi\u00e9n se fija como sede social las antiguas escuelas municipales, que -cedidas por el Excmo. Ayuntamiento de Valderrodrigo para tal fin- se convierten en un espacio para la participaci\u00f3n ciudadana.<\/p>\n\n\n\n<div class=\"wp-block-buttons is-layout-flex wp-block-buttons-is-layout-flex\">\n<div class=\"wp-block-button\"><a class=\"wp-block-button__link wp-element-button\">Nuestras actividades<\/a><\/div>\n<\/div>\n<\/div>\n<\/div>\n<\/div>\n\n\n\n<div class=\"wp-block-group alignfull has-global-padding is-layout-constrained wp-container-core-group-is-layout-669513ed wp-block-group-is-layout-constrained\" style=\"margin-top:0;margin-bottom:0;padding-top:var(--wp--preset--spacing--50);padding-right:var(--wp--preset--spacing--50);padding-bottom:var(--wp--preset--spacing--50);padding-left:var(--wp--preset--spacing--50)\">\n<div class=\"wp-block-group is-vertical is-content-justification-center is-layout-flex wp-container-core-group-is-layout-ce155fab wp-block-group-is-layout-flex\">\n<h2 class=\"wp-block-heading has-text-align-center has-xx-large-font-size\">La Junta Directiva<\/h2>\n\n\n\n<p class=\"has-text-align-center\">Actualmente, la Junta Directiva de la Asociaci\u00f3n Cultural el Torito Perdig\u00f3n est\u00e1 compuesta por los siguientes integrantes para el periodo 2023-2025<\/p>\n<\/div>\n\n\n\n<div style=\"height:var(--wp--preset--spacing--30)\" aria-hidden=\"true\" class=\"wp-block-spacer\"><\/div>\n\n\n\n<div class=\"wp-block-columns is-layout-flex wp-container-core-columns-is-layout-28f84493 wp-block-columns-is-layout-flex\">\n<div class=\"wp-block-column is-layout-flow wp-block-column-is-layout-flow\"><\/div>\n\n\n\n<div class=\"wp-block-column is-layout-flow wp-block-column-is-layout-flow\"><\/div>\n\n\n\n<div class=\"wp-block-column is-layout-flow wp-block-column-is-layout-flow\"><\/div>\n<\/div>\n\n\n\n<div class=\"wp-block-columns is-layout-flex wp-container-core-columns-is-layout-28f84493 wp-block-columns-is-layout-flex\">\n<div class=\"wp-block-column is-layout-flow wp-block-column-is-layout-flow\">\n<p class=\"has-text-align-center has-small-font-size\"><strong>Luis Miguel S\u00e1nchez Gil<\/strong><br>Presidente<\/p>\n<\/div>\n\n\n\n<div class=\"wp-block-column is-layout-flow wp-block-column-is-layout-flow\">\n<p class=\"has-text-align-center has-small-font-size\"><strong>Monserrat Bartolom\u00e9 Holgado<\/strong><br>Vicepresidenta<\/p>\n<\/div>\n\n\n\n<div class=\"wp-block-column is-layout-flow wp-block-column-is-layout-flow\">\n<p class=\"has-text-align-center has-small-font-size\"><strong>Ana Hern\u00e1ndez Vicente<\/strong><br>Secretaria<\/p>\n<\/div>\n<\/div>\n\n\n\n<div class=\"wp-block-columns alignwide is-layout-flex wp-container-core-columns-is-layout-4935966c wp-block-columns-is-layout-flex\" style=\"padding-right:0;padding-left:0\">\n<div class=\"wp-block-column is-layout-flow wp-block-column-is-layout-flow\">\n\n\n<div class=\"wp-block-group is-vertical is-content-justification-center is-nowrap is-layout-flex wp-container-core-group-is-layout-21d4e958 wp-block-group-is-layout-flex\">\n<p class=\"has-text-align-center has-small-font-size\"><strong><strong>Javier Seisdedos Mart\u00edn<\/strong><\/strong><\/p>\n\n\n\n<p class=\"has-text-align-center has-small-font-size\">Tesorero<\/p>\n<\/div>\n<\/div>\n\n\n\n<div class=\"wp-block-column is-layout-flow wp-block-column-is-layout-flow\">\n\n\n<div class=\"wp-block-group is-vertical is-content-justification-center is-nowrap is-layout-flex wp-container-core-group-is-layout-63bfd6c1 wp-block-group-is-layout-flex\">\n<p class=\"has-text-align-center has-small-font-size\"><strong>Amador Moronta Mart\u00edn<\/strong><\/p>\n\n\n\n<p class=\"has-text-align-center has-small-font-size\">Vocal<\/p>\n<\/div>\n<\/div>\n\n\n\n<div class=\"wp-block-column is-layout-flow wp-block-column-is-layout-flow\">\n\n\n<div class=\"wp-block-group is-vertical is-content-justification-center is-nowrap is-layout-flex wp-container-core-group-is-layout-63bfd6c1 wp-block-group-is-layout-flex\">\n<p class=\"has-text-align-center has-small-font-size\"><strong><strong><strong><strong>Mar\u00eda del Carmen <\/strong><br><strong>Encinas Gonz\u00e1lez<\/strong><\/strong><\/strong><\/strong><br>Vocal<\/p>\n<\/div>\n<\/div>\n\n\n\n<div class=\"wp-block-column is-layout-flow wp-block-column-is-layout-flow\">\n\n\n<div class=\"wp-block-group is-vertical is-content-justification-center is-nowrap is-layout-flex wp-container-core-group-is-layout-21d4e958 wp-block-group-is-layout-flex\">\n<p class=\"has-text-align-center has-small-font-size\"><strong><strong>Alberto Cejudo Mart\u00edn <\/strong><\/strong><\/p>\n\n\n\n<p class=\"has-text-align-center has-small-font-size\">Vocal<\/p>\n<\/div>\n<\/div>\n<\/div>\n\n\n\n<h4 class=\"wp-block-heading has-text-align-center\"><strong>Juntas Directivas anteriores<\/strong><\/h4>\n\n\n\n<details class=\"wp-block-details is-layout-flow wp-block-details-is-layout-flow\"><summary>Junta Directiva 2023-2025<\/summary>\n<ul class=\"wp-block-list\">\n<li>Presidente: Luis Miguel S\u00e1nchez Gil<\/li>\n\n\n\n<li>Vicepresidenta: Montserrat Bartolom\u00e9 Holgado<\/li>\n\n\n\n<li>Secretaria: Ana Hern\u00e1ndez Vicente<\/li>\n\n\n\n<li>Tesorero: Javier Seisdedos Mart\u00edn<\/li>\n\n\n\n<li>Vocal: Amador Moronta Mart\u00edn<\/li>\n\n\n\n<li>Vocal: Javier Bogajo Mart\u00edn<\/li>\n\n\n\n<li>Vocal: Mar\u00eda del Carmen Encinas Gonz\u00e1lez<\/li>\n<\/ul>\n<\/details>\n<\/div>\n\n\n\n<div class=\"wp-block-group alignfull has-base-color has-contrast-background-color has-text-color has-background has-link-color wp-elements-73501029665852326a829ae932e02add has-global-padding is-layout-constrained wp-container-core-group-is-layout-d89aad35 wp-block-group-is-layout-constrained\" style=\"margin-top:0;margin-bottom:0;padding-top:var(--wp--preset--spacing--50);padding-right:var(--wp--preset--spacing--50);padding-bottom:var(--wp--preset--spacing--50);padding-left:var(--wp--preset--spacing--50)\">\n<h2 class=\"wp-block-heading alignwide has-base-color has-text-color has-link-color wp-elements-60d1d6dcc3b67e0afe4443db4d6ed2e3\" style=\"font-size:clamp(4.509rem, 4.509rem + ((1vw - 0.2rem) * 9.152), 10rem);letter-spacing:-0.02em\">Nuestros fines<\/h2>\n\n\n\n<div class=\"wp-block-group alignwide is-layout-flow wp-block-group-is-layout-flow\">\n<hr class=\"wp-block-separator has-text-color has-base-color has-alpha-channel-opacity has-base-background-color has-background is-style-wide\" style=\"margin-top:var(--wp--preset--spacing--30);margin-bottom:var(--wp--preset--spacing--30)\"\/>\n\n\n\n<h3 class=\"wp-block-heading alignwide has-base-2-color has-text-color has-link-color wp-elements-0b2ff8ffe3ff983f48c75d5ed494d669\">Promover la cultura en el \u00e1mbito rural<\/h3>\n\n\n\n<p class=\"has-contrast-1-color has-text-color has-link-color wp-elements-51a6066f2417acf60fe7a03ec9db31da\">Actividades culturales diversas relacionadas con la lectura, el cine, la musica o el teatro, entre otras.<\/p>\n\n\n\n<p>Acciones de proyecci\u00f3n del patrimonio hist\u00f3rico cultural, organizaci\u00f3n de visitas y exposiciones del mismo car\u00e1cter y cuantas actividades de esta \u00edndole puedan desarrollarse.<\/p>\n\n\n\n<hr class=\"wp-block-separator has-text-color has-base-color has-alpha-channel-opacity has-base-background-color has-background is-style-wide\" style=\"margin-top:var(--wp--preset--spacing--30);margin-bottom:var(--wp--preset--spacing--30)\"\/>\n\n\n\n<h3 class=\"wp-block-heading alignwide has-base-2-color has-text-color has-link-color wp-elements-5064267bc618b3de50205600b0af7c06\">Fomentar acciones de promoci\u00f3n de la comunidad que favorezcan la convivencia<\/h3>\n\n\n\n<p class=\"has-contrast-1-color has-text-color has-link-color wp-elements-166dfefe9c8d3129677bed129f21793b\">Eventos que fomenten la convivencia de la comunidad, como comidas populares, acciones solidarias y de educaci\u00f3n en valores como la igualdad y el ecologismo, etc..<\/p>\n\n\n\n<hr class=\"wp-block-separator has-text-color has-base-color has-alpha-channel-opacity has-base-background-color has-background is-style-wide\" style=\"margin-top:var(--wp--preset--spacing--30);margin-bottom:var(--wp--preset--spacing--30)\"\/>\n\n\n\n<h3 class=\"wp-block-heading alignwide has-base-2-color has-text-color has-link-color wp-elements-f2804096453fddbb89cf41e81b4b8e69\">Promocionar las pr\u00e1cticas deportivas<\/h3>\n\n\n\n<p class=\"has-contrast-1-color has-text-color has-link-color wp-elements-892675a03fb5455046e1f4dcc0383145\">Pruebas deportivas que favorezcan h\u00e1bitos saludables.<\/p>\n\n\n\n<hr class=\"wp-block-separator has-text-color has-base-color has-alpha-channel-opacity has-base-background-color has-background is-style-wide\" style=\"margin-top:var(--wp--preset--spacing--30);margin-bottom:var(--wp--preset--spacing--30)\"\/>\n<\/div>\n<\/div>\n\n\n\n<div class=\"wp-block-group alignfull has-global-padding is-layout-constrained wp-container-core-group-is-layout-d89aad35 wp-block-group-is-layout-constrained\" style=\"margin-top:0;margin-bottom:0;padding-top:var(--wp--preset--spacing--50);padding-right:var(--wp--preset--spacing--50);padding-bottom:var(--wp--preset--spacing--50);padding-left:var(--wp--preset--spacing--50)\">\n<div class=\"wp-block-group alignwide has-base-2-background-color has-background is-layout-flow wp-block-group-is-layout-flow\" style=\"border-radius:16px;padding-top:var(--wp--preset--spacing--50);padding-right:var(--wp--preset--spacing--50);padding-bottom:var(--wp--preset--spacing--50);padding-left:var(--wp--preset--spacing--50)\">\n<p class=\"has-text-align-center\">Nuestros principales colaboradores<\/p>\n\n\n\n<div style=\"height:var(--wp--preset--spacing--10)\" aria-hidden=\"true\" class=\"wp-block-spacer\"><\/div>\n\n\n\n<div class=\"wp-block-group alignwide is-content-justification-center is-layout-flex wp-container-core-group-is-layout-f95ffa09 wp-block-group-is-layout-flex\" style=\"padding-top:0;padding-right:0;padding-bottom:0;padding-left:0\">\n<figure class=\"wp-block-image size-full is-resized\"><img loading=\"lazy\" decoding=\"async\" width=\"584\" height=\"584\" src=\"http:\/\/eltoritoperdigon.es\/wp-content\/uploads\/2025\/10\/Captura-de-Pantalla-2025-10-22-a-las-20.35.26.png\" alt=\"\" class=\"wp-image-275\" style=\"aspect-ratio:4\/3;object-fit:contain;width:150px\" srcset=\"http:\/\/eltoritoperdigon.es\/wp-content\/uploads\/2025\/10\/Captura-de-Pantalla-2025-10-22-a-las-20.35.26.png 584w, http:\/\/eltoritoperdigon.es\/wp-content\/uploads\/2025\/10\/Captura-de-Pantalla-2025-10-22-a-las-20.35.26-300x300.png 300w, http:\/\/eltoritoperdigon.es\/wp-content\/uploads\/2025\/10\/Captura-de-Pantalla-2025-10-22-a-las-20.35.26-150x150.png 150w\" sizes=\"auto, (max-width: 584px) 100vw, 584px\" \/><\/figure>\n\n\n\n<figure class=\"wp-block-image size-large is-resized\"><img loading=\"lazy\" decoding=\"async\" width=\"1024\" height=\"900\" src=\"http:\/\/eltoritoperdigon.es\/wp-content\/uploads\/2025\/10\/cuadrado_transparente_1_1568902982-1024x900.png\" alt=\"\" class=\"wp-image-103\" style=\"aspect-ratio:4\/3;object-fit:contain;width:150px\" srcset=\"http:\/\/eltoritoperdigon.es\/wp-content\/uploads\/2025\/10\/cuadrado_transparente_1_1568902982-1024x900.png 1024w, http:\/\/eltoritoperdigon.es\/wp-content\/uploads\/2025\/10\/cuadrado_transparente_1_1568902982-300x264.png 300w, http:\/\/eltoritoperdigon.es\/wp-content\/uploads\/2025\/10\/cuadrado_transparente_1_1568902982-768x675.png 768w, http:\/\/eltoritoperdigon.es\/wp-content\/uploads\/2025\/10\/cuadrado_transparente_1_1568902982-1536x1351.png 1536w, http:\/\/eltoritoperdigon.es\/wp-content\/uploads\/2025\/10\/cuadrado_transparente_1_1568902982.png 1971w\" sizes=\"auto, (max-width: 1024px) 100vw, 1024px\" \/><\/figure>\n\n\n\n<figure class=\"wp-block-image size-full is-resized\"><img loading=\"lazy\" decoding=\"async\" width=\"730\" height=\"730\" src=\"http:\/\/eltoritoperdigon.es\/wp-content\/uploads\/2025\/10\/Captura-de-Pantalla-2025-10-22-a-las-15.44.58.png\" alt=\"\" class=\"wp-image-99\" style=\"aspect-ratio:4\/3;object-fit:contain;width:150px\" srcset=\"http:\/\/eltoritoperdigon.es\/wp-content\/uploads\/2025\/10\/Captura-de-Pantalla-2025-10-22-a-las-15.44.58.png 730w, http:\/\/eltoritoperdigon.es\/wp-content\/uploads\/2025\/10\/Captura-de-Pantalla-2025-10-22-a-las-15.44.58-300x300.png 300w, http:\/\/eltoritoperdigon.es\/wp-content\/uploads\/2025\/10\/Captura-de-Pantalla-2025-10-22-a-las-15.44.58-150x150.png 150w\" sizes=\"auto, (max-width: 730px) 100vw, 730px\" \/><\/figure>\n\n\n\n<figure class=\"wp-block-image size-full is-resized\"><img loading=\"lazy\" decoding=\"async\" width=\"559\" height=\"559\" src=\"http:\/\/eltoritoperdigon.es\/wp-content\/uploads\/2025\/10\/Captura-de-Pantalla-2025-10-22-a-las-20.36.36.png\" alt=\"\" class=\"wp-image-276\" style=\"aspect-ratio:4\/3;object-fit:contain;width:150px\" srcset=\"http:\/\/eltoritoperdigon.es\/wp-content\/uploads\/2025\/10\/Captura-de-Pantalla-2025-10-22-a-las-20.36.36.png 559w, http:\/\/eltoritoperdigon.es\/wp-content\/uploads\/2025\/10\/Captura-de-Pantalla-2025-10-22-a-las-20.36.36-300x300.png 300w, http:\/\/eltoritoperdigon.es\/wp-content\/uploads\/2025\/10\/Captura-de-Pantalla-2025-10-22-a-las-20.36.36-150x150.png 150w\" sizes=\"auto, (max-width: 559px) 100vw, 559px\" \/><\/figure>\n\n\n\n<figure class=\"wp-block-image size-full is-resized\"><img loading=\"lazy\" decoding=\"async\" width=\"180\" height=\"180\" src=\"http:\/\/eltoritoperdigon.es\/wp-content\/uploads\/2025\/10\/images-e1761141632502.png\" alt=\"\" class=\"wp-image-104\" style=\"aspect-ratio:4\/3;object-fit:contain;width:150px\" srcset=\"http:\/\/eltoritoperdigon.es\/wp-content\/uploads\/2025\/10\/images-e1761141632502.png 180w, http:\/\/eltoritoperdigon.es\/wp-content\/uploads\/2025\/10\/images-e1761141632502-150x150.png 150w\" sizes=\"auto, (max-width: 180px) 100vw, 180px\" \/><\/figure>\n<\/div>\n<\/div>\n<\/div>\n\n\n\n<p><\/p>\n","protected":false},"excerpt":{"rendered":"<p>La Asociaci\u00f3n Cultural \u00abEl Torito Perdig\u00f3n\u00bb fue fundada en 1989 en el municipio de Valderrodrigo. La asociaci\u00f3n La Asociaci\u00f3n Cultural \u00abEl Torito Perdig\u00f3n\u00bb es una asociaci\u00f3n cultural sin \u00e1nimo de lucro cuya sede social se encuentra en las antiguas escuelas municipales de Valderrodrigo. En la actualidad la asociaci\u00f3n est\u00e1 formada por m\u00e1s de doscientos socios. [&hellip;]<\/p>\n","protected":false},"author":1,"featured_media":0,"parent":0,"menu_order":0,"comment_status":"closed","ping_status":"closed","template":"","meta":{"footnotes":""},"class_list":["post-88","page","type-page","status-publish","hentry"],"_links":{"self":[{"href":"http:\/\/eltoritoperdigon.es\/index.php?rest_route=\/wp\/v2\/pages\/88","targetHints":{"allow":["GET"]}}],"collection":[{"href":"http:\/\/eltoritoperdigon.es\/index.php?rest_route=\/wp\/v2\/pages"}],"about":[{"href":"http:\/\/eltoritoperdigon.es\/index.php?rest_route=\/wp\/v2\/types\/page"}],"author":[{"embeddable":true,"href":"http:\/\/eltoritoperdigon.es\/index.php?rest_route=\/wp\/v2\/users\/1"}],"replies":[{"embeddable":true,"href":"http:\/\/eltoritoperdigon.es\/index.php?rest_route=%2Fwp%2Fv2%2Fcomments&post=88"}],"version-history":[{"count":9,"href":"http:\/\/eltoritoperdigon.es\/index.php?rest_route=\/wp\/v2\/pages\/88\/revisions"}],"predecessor-version":[{"id":1226,"href":"http:\/\/eltoritoperdigon.es\/index.php?rest_route=\/wp\/v2\/pages\/88\/revisions\/1226"}],"wp:attachment":[{"href":"http:\/\/eltoritoperdigon.es\/index.php?rest_route=%2Fwp%2Fv2%2Fmedia&parent=88"}],"curies":[{"name":"wp","href":"https:\/\/api.w.org\/{rel}","templated":true}]}}