{"id":1234,"date":"2026-01-26T19:39:22","date_gmt":"2026-01-26T19:39:22","guid":{"rendered":"http:\/\/eltoritoperdigon.es\/?page_id=1234"},"modified":"2026-01-26T22:21:41","modified_gmt":"2026-01-26T22:21:41","slug":"hitos-destacados-en-la-historia-de-valderrodrigo","status":"publish","type":"page","link":"https:\/\/eltoritoperdigon.es\/?page_id=1234","title":{"rendered":"Hitos destacados en la historia de Valderrodrigo"},"content":{"rendered":"\n<p>La historia de Valderrodrigo es una historia hecha a base de un duro y tenaz trabajo, de un convencimiento de que a base de trabajo y esfuerzo se pueden superar todos los obst\u00e1culos que se presenten y en Valderrodrigo fueron muchos.<\/p>\n\n\n\n<p>Valderrodrigo ha sido reconocido por la uni\u00f3n de sus vecinos, el respeto entre unos y otros y ayud\u00e1ndose en las dificultades. Por eso el himno de Vaderrodrigo dice \u201cValderrodrigo vivla uni\u00f3n\u201d.<\/p>\n\n\n\n<p>Con esa uni\u00f3n a lo largo de los a\u00f1os fueron acometiendo obras y tomando decisiones para mejorar el pueblo y hacer la vida m\u00e1s llevadera.<\/p>\n\n\n\n<p>Todas las obras que se acomet\u00edan se hac\u00edan por el sistema de prestaci\u00f3n personal, para as\u00ed evitarse tener que desembolsar un dinero que no ten\u00edan.<\/p>\n\n\n\n<div class=\"wp-block-group alignfull has-accent-background-color has-background has-global-padding is-layout-constrained wp-container-core-group-is-layout-669513ed wp-block-group-is-layout-constrained\" style=\"margin-top:0;margin-bottom:0;padding-top:var(--wp--preset--spacing--50);padding-right:var(--wp--preset--spacing--50);padding-bottom:var(--wp--preset--spacing--50);padding-left:var(--wp--preset--spacing--50)\">\n<div class=\"wp-block-columns alignwide is-layout-flex wp-container-core-columns-is-layout-1da03c2a wp-block-columns-is-layout-flex\">\n<div class=\"wp-block-column is-vertically-aligned-stretch is-layout-flow wp-block-column-is-layout-flow\" style=\"flex-basis:50%\">\n<div class=\"wp-block-group is-vertical is-content-justification-stretch is-layout-flex wp-container-core-group-is-layout-444d5ee8 wp-block-group-is-layout-flex\" style=\"min-height:100%\">\n<p class=\"has-heading-font-family has-x-large-font-size\" style=\"line-height:1.2\">El P\u00f3sito<\/p>\n\n\n\n<div class=\"wp-block-group has-global-padding is-content-justification-left is-layout-constrained wp-container-core-group-is-layout-9fe8ed88 wp-block-group-is-layout-constrained\">\n<p class=\"wp-container-content-0733e5d0\">En el siglo XVIII se construye el edificio m\u00e1s emblem\u00e1tico del pueblo \u201c<strong>el P\u00f3sito<\/strong>\u201d. En sus inicios fue panera del Real P\u00f3sito comarcal de la Roda de Mieza. En 1815 su fondo estaba dotado con 2.717 fanegas, 9 celemines y 2 cuartillas de centeno. Los municipios que pertenecen a la jurisdicci\u00f3n de este Real P\u00f3sito de Valderrodrigo son: La Pe\u00f1a, Barce\u00edno, Fuentes de Masueco, Valsalabroso, Las Uces, Barceo, Villar de Ciervos, Cabeza del Caballo, Villasbuenas, Encinasola de los Comendadores, Barreras, Picones, Cerezal de Pe\u00f1a Horcada, La V\u00eddola, El Milano y Gema.<\/p>\n\n\n\n<p>A lo largo de su historia ha sufrido varias transformaciones. Con la distribuci\u00f3n de su espacio en escuelas, sala consistorial y panera municipal ha durado hasta que en el a\u00f1o 1958 se trasladan las escuelas al nuevo edificio construido al efecto.<\/p>\n\n\n\n<p class=\"wp-container-content-0733e5d0\">Tambi\u00e9n se ha dedicado a sal\u00f3n comedor para bodas y fiestas, sal\u00f3n de baile y teatro, almac\u00e9n de bellotas, sala de despiece de los animales que se mataban o mor\u00edan, para hacer el reparto de la carne entre los vecinos o cuando se mataba alg\u00fan novillo para celebrar alg\u00fan acontecimiento.<\/p>\n<\/div>\n<\/div>\n<\/div>\n\n\n\n<div class=\"wp-block-column is-vertically-aligned-center is-layout-flow wp-block-column-is-layout-flow\" style=\"flex-basis:50%\">\n<figure class=\"wp-block-image size-large is-style-rounded is-style-rounded--1\"><img loading=\"lazy\" decoding=\"async\" width=\"768\" height=\"1024\" src=\"http:\/\/eltoritoperdigon.es\/wp-content\/uploads\/2026\/01\/Posito-1-768x1024.jpg\" alt=\"\" class=\"wp-image-1240\" style=\"aspect-ratio:3\/4;object-fit:cover\" srcset=\"https:\/\/eltoritoperdigon.es\/wp-content\/uploads\/2026\/01\/Posito-1-768x1024.jpg 768w, https:\/\/eltoritoperdigon.es\/wp-content\/uploads\/2026\/01\/Posito-1-225x300.jpg 225w, https:\/\/eltoritoperdigon.es\/wp-content\/uploads\/2026\/01\/Posito-1-1152x1536.jpg 1152w, https:\/\/eltoritoperdigon.es\/wp-content\/uploads\/2026\/01\/Posito-1.jpg 1304w\" sizes=\"auto, (max-width: 768px) 100vw, 768px\" \/><figcaption class=\"wp-element-caption\">Fotograf\u00eda de \u00abEl P\u00f3sito\u00bb<\/figcaption><\/figure>\n<\/div>\n<\/div>\n<\/div>\n\n\n\n<div class=\"wp-block-group alignfull has-base-background-color has-background has-global-padding is-layout-constrained wp-container-core-group-is-layout-d89aad35 wp-block-group-is-layout-constrained\" style=\"margin-top:0;margin-bottom:0;padding-top:var(--wp--preset--spacing--50);padding-right:var(--wp--preset--spacing--50);padding-bottom:var(--wp--preset--spacing--50);padding-left:var(--wp--preset--spacing--50)\">\n<div class=\"wp-block-columns is-layout-flex wp-container-core-columns-is-layout-28f84493 wp-block-columns-is-layout-flex\">\n<div class=\"wp-block-column is-vertically-aligned-center is-layout-flow wp-block-column-is-layout-flow\">\n<figure class=\"wp-block-image size-full is-style-rounded wp-duotone-unset-3 is-style-rounded--2\"><img loading=\"lazy\" decoding=\"async\" width=\"425\" height=\"319\" src=\"http:\/\/eltoritoperdigon.es\/wp-content\/uploads\/2026\/01\/Ran-1.jpg\" alt=\"\" class=\"wp-image-1241\" style=\"aspect-ratio:4\/3;object-fit:cover\" srcset=\"https:\/\/eltoritoperdigon.es\/wp-content\/uploads\/2026\/01\/Ran-1.jpg 425w, https:\/\/eltoritoperdigon.es\/wp-content\/uploads\/2026\/01\/Ran-1-300x225.jpg 300w\" sizes=\"auto, (max-width: 425px) 100vw, 425px\" \/><figcaption class=\"wp-element-caption\">Fotograf\u00eda panor\u00e1mica del puente \u00abEl Ran\u00bb<\/figcaption><\/figure>\n<\/div>\n\n\n\n<div class=\"wp-block-column is-layout-flow wp-block-column-is-layout-flow\">\n<h2 class=\"wp-block-heading has-text-align-left\">El Ran<\/h2>\n\n\n\n<p>Con el correr de los a\u00f1os llegamos a 1904. Otro hito importante en la vida de Valderrodrigo fue la construcci\u00f3n del <strong>puente \u201cEl Ran\u201d<\/strong> sobre el rio Uces para facilitar a los vecinos de Valderrodrigo acudir con sus carros cargados de costales de centeno para molerlo en los dos molinos harineros construidos en el paraje del Pic\u00f3n de la V\u00edbora en el t\u00e9rmino municipal de Valsalabroso.<\/p>\n\n\n\n<p>En mayo de 1903 Camilo Holgado env\u00eda un escrito al ayuntamiento de Valderrodrigo solicitando autorizaci\u00f3n para la construcci\u00f3n del referido puente. El pueblo entero se vuelca en su ayuda y colabora en las faenas de construcci\u00f3n del referido puente, cuya construcci\u00f3n se termina en el a\u00f1o 1904.<\/p>\n\n\n\n<p>En el a\u00f1o 2004 se conmemor\u00f3 los 100 a\u00f1os de la construcci\u00f3n de dicho puente y se inaugur\u00f3 una estatua dedicada al torito perdig\u00f3n.<\/p>\n<\/div>\n<\/div>\n<\/div>\n\n\n\n<div class=\"wp-block-group alignfull has-accent-5-background-color has-background has-global-padding is-layout-constrained wp-container-core-group-is-layout-d89aad35 wp-block-group-is-layout-constrained\" style=\"margin-top:0;margin-bottom:0;padding-top:var(--wp--preset--spacing--50);padding-right:var(--wp--preset--spacing--50);padding-bottom:var(--wp--preset--spacing--50);padding-left:var(--wp--preset--spacing--50)\">\n<div class=\"wp-block-columns is-layout-flex wp-container-core-columns-is-layout-28f84493 wp-block-columns-is-layout-flex\">\n<div class=\"wp-block-column is-layout-flow wp-block-column-is-layout-flow\" style=\"flex-basis:33.33%\">\n<h2 class=\"wp-block-heading\">Ca\u00f1o municipal<\/h2>\n\n\n\n<p>En 1940 la corporaci\u00f3n municipal toma la decisi\u00f3n de acometer la tra\u00edda del agua desde la fuente de Valdeguadramiro y construir el ca\u00f1o que hoy conocemos y para ello se designa al maestro de obras D. Daniel Prieto para que confeccione el proyecto de las obras de abastecimiento de aguas en la localidad al amparo de la vigente Ley de R\u00e9gimen Local.<\/p>\n<\/div>\n\n\n\n<div class=\"wp-block-column is-vertically-aligned-center is-layout-flow wp-block-column-is-layout-flow\" style=\"flex-basis:66.66%\">\n<figure class=\"wp-block-image aligncenter size-full is-style-rounded wp-duotone-unset-5 is-style-rounded--4\"><img loading=\"lazy\" decoding=\"async\" width=\"1304\" height=\"1240\" src=\"http:\/\/eltoritoperdigon.es\/wp-content\/uploads\/2026\/01\/Cano-1.jpg\" alt=\"\" class=\"wp-image-1242\" style=\"aspect-ratio:4\/3;object-fit:cover\" srcset=\"https:\/\/eltoritoperdigon.es\/wp-content\/uploads\/2026\/01\/Cano-1.jpg 1304w, https:\/\/eltoritoperdigon.es\/wp-content\/uploads\/2026\/01\/Cano-1-300x285.jpg 300w, https:\/\/eltoritoperdigon.es\/wp-content\/uploads\/2026\/01\/Cano-1-1024x974.jpg 1024w, https:\/\/eltoritoperdigon.es\/wp-content\/uploads\/2026\/01\/Cano-1-768x730.jpg 768w\" sizes=\"auto, (max-width: 1304px) 100vw, 1304px\" \/><figcaption class=\"wp-element-caption\">Fotograf\u00eda del ca\u00f1o<\/figcaption><\/figure>\n<\/div>\n<\/div>\n<\/div>\n\n\n\n<div class=\"wp-block-group alignfull has-global-padding is-layout-constrained wp-container-core-group-is-layout-669513ed wp-block-group-is-layout-constrained\" style=\"margin-top:0;margin-bottom:0;padding-top:var(--wp--preset--spacing--50);padding-right:var(--wp--preset--spacing--50);padding-bottom:var(--wp--preset--spacing--50);padding-left:var(--wp--preset--spacing--50)\">\n<div class=\"wp-block-group is-vertical is-content-justification-center is-layout-flex wp-container-core-group-is-layout-ce155fab wp-block-group-is-layout-flex\">\n<p class=\"has-text-align-left\">El 27 de diciembre de 1955 se formula presupuesto por el Gobierno Civil para la instalaci\u00f3n de la electricidad en el municipio.<\/p>\n\n\n\n<p>Presupuesto del alumbrado p\u00fablico 890.630,00 pesetas.<\/p>\n\n\n\n<p>Aportaci\u00f3n del Instituto de Colonizaci\u00f3n sin intereses 30.677,25 pesetas.<\/p>\n\n\n\n<p>Aportaci\u00f3n Instituto de Colonizaci\u00f3n a fondo perdido 30%.<\/p>\n\n\n\n<p>Aportaci\u00f3n Ayuntamiento&nbsp;&nbsp;&nbsp; 5.000,00 pesetas<\/p>\n\n\n\n<p>Aportaci\u00f3n vecinos&nbsp;&nbsp;&nbsp; 10.000,00 pesetas<\/p>\n\n\n\n<p>Prestaci\u00f3n personal&nbsp;&nbsp; 4.000,00 pesetas<\/p>\n\n\n\n<p>Aportaci\u00f3n empresa 25%&nbsp;&nbsp; 222.657,50 pesetas.<\/p>\n\n\n\n<p class=\"has-text-align-left\">En agosto de 1957 queda terminada la construcci\u00f3n del transformador y las obras de instalaci\u00f3n del alumbrado p\u00fablico.<\/p>\n<\/div>\n\n\n\n<div style=\"height:var(--wp--preset--spacing--30)\" aria-hidden=\"true\" class=\"wp-block-spacer\"><\/div>\n\n\n\n<div class=\"wp-block-columns alignfull has-accent-background-color has-background is-layout-flex wp-container-core-columns-is-layout-1da03c2a wp-block-columns-is-layout-flex\">\n<div class=\"wp-block-column is-vertically-aligned-stretch is-layout-flow wp-block-column-is-layout-flow\" style=\"flex-basis:50%\">\n<div class=\"wp-block-group is-vertical is-content-justification-stretch is-layout-flex wp-container-core-group-is-layout-03ea0e6e wp-block-group-is-layout-flex\" style=\"min-height:100%\">\n<p class=\"has-heading-font-family has-x-large-font-size\" style=\"line-height:1.2\">Nuevas escuelas<\/p>\n\n\n\n<div class=\"wp-block-group has-global-padding is-content-justification-left is-layout-constrained wp-container-core-group-is-layout-9fe8ed88 wp-block-group-is-layout-constrained\">\n<p class=\"wp-container-content-0733e5d0\">El 30 de noviembre de 1958 se inauguran las nuevas escuelas.<\/p>\n<\/div>\n<\/div>\n<\/div>\n\n\n\n<div class=\"wp-block-column is-vertically-aligned-center is-layout-flow wp-block-column-is-layout-flow\" style=\"flex-basis:50%\">\n<figure class=\"wp-block-image aligncenter size-full is-style-rounded wp-duotone-unset-7 is-style-rounded--6\"><img loading=\"lazy\" decoding=\"async\" width=\"1304\" height=\"831\" src=\"http:\/\/eltoritoperdigon.es\/wp-content\/uploads\/2026\/01\/Escuelas-1.jpg\" alt=\"\" class=\"wp-image-1243\" srcset=\"https:\/\/eltoritoperdigon.es\/wp-content\/uploads\/2026\/01\/Escuelas-1.jpg 1304w, https:\/\/eltoritoperdigon.es\/wp-content\/uploads\/2026\/01\/Escuelas-1-300x191.jpg 300w, https:\/\/eltoritoperdigon.es\/wp-content\/uploads\/2026\/01\/Escuelas-1-1024x653.jpg 1024w, https:\/\/eltoritoperdigon.es\/wp-content\/uploads\/2026\/01\/Escuelas-1-768x489.jpg 768w\" sizes=\"auto, (max-width: 1304px) 100vw, 1304px\" \/><figcaption class=\"wp-element-caption\">Fotograf\u00eda del cartel conmemorativo de la construcci\u00f3n<\/figcaption><\/figure>\n<\/div>\n<\/div>\n<\/div>\n\n\n\n<div class=\"wp-block-group alignfull has-base-color has-contrast-background-color has-text-color has-background has-link-color wp-elements-797663830249a1a7015fa7818213cdc3 has-global-padding is-layout-constrained wp-container-core-group-is-layout-d89aad35 wp-block-group-is-layout-constrained\" style=\"margin-top:0;margin-bottom:0;padding-top:var(--wp--preset--spacing--50);padding-right:var(--wp--preset--spacing--50);padding-bottom:var(--wp--preset--spacing--50);padding-left:var(--wp--preset--spacing--50)\">\n<h2 class=\"wp-block-heading alignwide has-base-color has-text-color has-link-color wp-elements-c0599d1ff9c9e0b4473d195404d90f33\" style=\"font-size:clamp(1.87rem, 1.87rem + ((1vw - 0.2rem) * 2.333), 3.27rem);letter-spacing:-0.02em\">Otros hitos<\/h2>\n\n\n\n<div class=\"wp-block-group alignwide is-layout-flow wp-block-group-is-layout-flow\">\n<hr class=\"wp-block-separator has-text-color has-base-color has-alpha-channel-opacity has-base-background-color has-background is-style-wide\" style=\"margin-top:var(--wp--preset--spacing--30);margin-bottom:var(--wp--preset--spacing--30)\"\/>\n\n\n\n<p class=\"has-contrast-1-color has-text-color has-link-color wp-elements-1b22408208c32dbb9e399cb54b54ad30\">En sesi\u00f3n extraordinaria de 1 de noviembre de 1969 La Corporaci\u00f3n Municipal acuerda emprender las obras de abastecimiento del agua, que ser\u00eda conducida desde la fuente de la Mata de las Lagunas, seg\u00fan se tiene proyectado.<\/p>\n\n\n\n<p class=\"has-contrast-1-color has-text-color has-link-color wp-elements-c9d66648ccbabd5a19e5a10e55bfaf07\">Se conviene que en esta primera fase se conduzcan las aguas, previas las obras de captaci\u00f3n del manantial de la Mata de las Lagunas, a un dep\u00f3sito regulador situado en las inmediaciones del casco urbano. De aqu\u00ed partir\u00eda un ramal al sitio de la calle del Arrabal donde ser\u00eda construido un abrevadero para los ganados con su fuente correspondiente para el abastecimiento del vecindario. Otro pilar de reducidas dimensiones en la parte trasera del p\u00f3sito y unos grifos o fuentes en la plaza, en el toral de las fraguas y en la calle de la Iglesia.<\/p>\n\n\n\n<p>En la sesi\u00f3n de 11 de enero de 1970 se informa por el se\u00f1or presidente del presupuesto confeccionado para las obras de abastecimiento de aguas, acordado por esta corporaci\u00f3n, que asciende a la cantidad de 928.010 pesetas, cifrando la subvenci\u00f3n en 167.010 pesetas.<\/p>\n\n\n\n<p>Como quiera que la obra requiere gran n\u00famero de jornales se acuerda que se comience a realizar la zanja de la tuber\u00eda y las obras de captaci\u00f3n por medio de prestaci\u00f3n personal.<\/p>\n\n\n\n<p>Con esta obra la fisonom\u00eda del pueblo cambia sustancialmente, pues se comienza a construir casas nuevas dotadas con agua corriente y sanitarios donde antes hab\u00eda corrales y pajares.<\/p>\n\n\n\n<hr class=\"wp-block-separator has-text-color has-base-color has-alpha-channel-opacity has-base-background-color has-background is-style-wide\" style=\"margin-top:var(--wp--preset--spacing--30);margin-bottom:var(--wp--preset--spacing--30)\"\/>\n\n\n\n<p class=\"has-contrast-1-color has-text-color has-link-color wp-elements-5c35543fed20ffdaaf58b1b419dc90c1\">En 1982 se empiezan a ejecutar por parte de la Diputaci\u00f3n los planes provinciales de abastecimiento y alcantarillado. En 1984 se inicia la pavimentaci\u00f3n de las calles que se prolonga hasta 1994. Todas estas obras se realizaron por prestaci\u00f3n personal.<\/p>\n\n\n\n<hr class=\"wp-block-separator has-text-color has-base-color has-alpha-channel-opacity has-base-background-color has-background is-style-wide\" style=\"margin-top:var(--wp--preset--spacing--30);margin-bottom:var(--wp--preset--spacing--30)\"\/>\n\n\n\n<p class=\"has-contrast-1-color has-text-color has-link-color wp-elements-60075c50476dac1062c37dcb1245152f\">En 1988 se redacta el proyecto de construcci\u00f3n de la pista polideportiva por el arquitecto D. Luis Lora Antonio, con un presupuesto de 10.165.550 pts<\/p>\n\n\n\n<hr class=\"wp-block-separator has-text-color has-base-color has-alpha-channel-opacity has-base-background-color has-background is-style-wide\" style=\"margin-top:var(--wp--preset--spacing--30);margin-bottom:var(--wp--preset--spacing--30)\"\/>\n\n\n\n<p class=\"has-contrast-1-color has-text-color has-link-color wp-elements-f5ed4ea674494f01e435e9db8a1f15e0\">En 1992 se redacta el proyecto para la construcci\u00f3n del actual ayuntamiento por el arquitecto D. Luis Lora Antonio por importe de 13.848.287 pts. Para su construcci\u00f3n se derrib\u00f3 el front\u00f3n del juego de pelota.<\/p>\n\n\n\n<p>Con el remate de estas obras queda el pueblo de Valderrodrigo con la fisonom\u00eda que hoy conocemos.<\/p>\n\n\n\n<hr class=\"wp-block-separator has-text-color has-base-color has-alpha-channel-opacity has-base-background-color has-background is-style-wide\" style=\"margin-top:var(--wp--preset--spacing--30);margin-bottom:var(--wp--preset--spacing--30)\"\/>\n\n\n\n<div style=\"margin-top:var(--wp--preset--spacing--10);margin-bottom:0;height:var(--wp--preset--spacing--10)\" aria-hidden=\"true\" class=\"wp-block-spacer\"><\/div>\n<\/div>\n<\/div>\n\n\n\n<div class=\"wp-block-group alignfull has-global-padding is-layout-constrained wp-container-core-group-is-layout-d89aad35 wp-block-group-is-layout-constrained\" style=\"margin-top:0;margin-bottom:0;padding-top:var(--wp--preset--spacing--50);padding-right:var(--wp--preset--spacing--50);padding-bottom:var(--wp--preset--spacing--50);padding-left:var(--wp--preset--spacing--50)\">\n<div class=\"wp-block-columns alignwide are-vertically-aligned-center is-layout-flex wp-container-core-columns-is-layout-47c06fe3 wp-block-columns-is-layout-flex\">\n<div class=\"wp-block-column is-vertically-aligned-center is-layout-flow wp-block-column-is-layout-flow\" style=\"flex-basis:50%\">\n<h2 class=\"wp-block-heading\">Conoce nuestra historia<\/h2>\n\n\n\n<div class=\"wp-block-buttons is-layout-flex wp-block-buttons-is-layout-flex\">\n<div class=\"wp-block-button\"><a class=\"wp-block-button__link wp-element-button\" href=\"http:\/\/eltoritoperdigon.es\/?page_id=1227\">Historia de Valderrodrigo<\/a><\/div>\n<\/div>\n<\/div>\n\n\n\n<div class=\"wp-block-column is-vertically-aligned-center is-layout-flow wp-block-column-is-layout-flow\" style=\"flex-basis:50%\">\n<figure class=\"wp-block-image size-full is-style-rounded is-style-rounded--8\"><img loading=\"lazy\" decoding=\"async\" width=\"1600\" height=\"900\" src=\"http:\/\/eltoritoperdigon.es\/wp-content\/uploads\/2026\/01\/PHOTO-2025-12-01-14-51-22-1.jpg\" alt=\"\" class=\"wp-image-1244\" style=\"aspect-ratio:4\/3;object-fit:cover\" srcset=\"https:\/\/eltoritoperdigon.es\/wp-content\/uploads\/2026\/01\/PHOTO-2025-12-01-14-51-22-1.jpg 1600w, https:\/\/eltoritoperdigon.es\/wp-content\/uploads\/2026\/01\/PHOTO-2025-12-01-14-51-22-1-300x169.jpg 300w, https:\/\/eltoritoperdigon.es\/wp-content\/uploads\/2026\/01\/PHOTO-2025-12-01-14-51-22-1-1024x576.jpg 1024w, https:\/\/eltoritoperdigon.es\/wp-content\/uploads\/2026\/01\/PHOTO-2025-12-01-14-51-22-1-768x432.jpg 768w, https:\/\/eltoritoperdigon.es\/wp-content\/uploads\/2026\/01\/PHOTO-2025-12-01-14-51-22-1-1536x864.jpg 1536w\" sizes=\"auto, (max-width: 1600px) 100vw, 1600px\" \/><\/figure>\n<\/div>\n<\/div>\n<\/div>\n","protected":false},"excerpt":{"rendered":"<p>La historia de Valderrodrigo es una historia hecha a base de un duro y tenaz trabajo, de un convencimiento de que a base de trabajo y esfuerzo se pueden superar todos los obst\u00e1culos que se presenten y en Valderrodrigo fueron muchos. Valderrodrigo ha sido reconocido por la uni\u00f3n de sus vecinos, el respeto entre unos [&hellip;]<\/p>\n","protected":false},"author":1,"featured_media":0,"parent":0,"menu_order":0,"comment_status":"closed","ping_status":"closed","template":"","meta":{"footnotes":""},"class_list":["post-1234","page","type-page","status-publish","hentry"],"_links":{"self":[{"href":"https:\/\/eltoritoperdigon.es\/index.php?rest_route=\/wp\/v2\/pages\/1234","targetHints":{"allow":["GET"]}}],"collection":[{"href":"https:\/\/eltoritoperdigon.es\/index.php?rest_route=\/wp\/v2\/pages"}],"about":[{"href":"https:\/\/eltoritoperdigon.es\/index.php?rest_route=\/wp\/v2\/types\/page"}],"author":[{"embeddable":true,"href":"https:\/\/eltoritoperdigon.es\/index.php?rest_route=\/wp\/v2\/users\/1"}],"replies":[{"embeddable":true,"href":"https:\/\/eltoritoperdigon.es\/index.php?rest_route=%2Fwp%2Fv2%2Fcomments&post=1234"}],"version-history":[{"count":5,"href":"https:\/\/eltoritoperdigon.es\/index.php?rest_route=\/wp\/v2\/pages\/1234\/revisions"}],"predecessor-version":[{"id":1257,"href":"https:\/\/eltoritoperdigon.es\/index.php?rest_route=\/wp\/v2\/pages\/1234\/revisions\/1257"}],"wp:attachment":[{"href":"https:\/\/eltoritoperdigon.es\/index.php?rest_route=%2Fwp%2Fv2%2Fmedia&parent=1234"}],"curies":[{"name":"wp","href":"https:\/\/api.w.org\/{rel}","templated":true}]}}