{"id":1246,"date":"2026-01-26T20:55:33","date_gmt":"2026-01-26T20:55:33","guid":{"rendered":"http:\/\/eltoritoperdigon.es\/?page_id=1246"},"modified":"2026-01-26T20:58:30","modified_gmt":"2026-01-26T20:58:30","slug":"valderrodrigo-en-la-actualidad","status":"publish","type":"page","link":"https:\/\/eltoritoperdigon.es\/?page_id=1246","title":{"rendered":"Valderrodrigo en la actualidad"},"content":{"rendered":"\n<figure class=\"wp-block-image size-large is-style-rounded is-style-rounded--1\"><img loading=\"lazy\" decoding=\"async\" width=\"1024\" height=\"576\" src=\"http:\/\/eltoritoperdigon.es\/wp-content\/uploads\/2026\/01\/PHOTO-2025-12-01-14-51-22-1-1024x576.jpg\" alt=\"\" class=\"wp-image-1244\" srcset=\"https:\/\/eltoritoperdigon.es\/wp-content\/uploads\/2026\/01\/PHOTO-2025-12-01-14-51-22-1-1024x576.jpg 1024w, https:\/\/eltoritoperdigon.es\/wp-content\/uploads\/2026\/01\/PHOTO-2025-12-01-14-51-22-1-300x169.jpg 300w, https:\/\/eltoritoperdigon.es\/wp-content\/uploads\/2026\/01\/PHOTO-2025-12-01-14-51-22-1-768x432.jpg 768w, https:\/\/eltoritoperdigon.es\/wp-content\/uploads\/2026\/01\/PHOTO-2025-12-01-14-51-22-1-1536x864.jpg 1536w, https:\/\/eltoritoperdigon.es\/wp-content\/uploads\/2026\/01\/PHOTO-2025-12-01-14-51-22-1.jpg 1600w\" sizes=\"auto, (max-width: 1024px) 100vw, 1024px\" \/><figcaption class=\"wp-element-caption\">Fotograf\u00eda aerea del municipio de Valderrodrigo<\/figcaption><\/figure>\n\n\n\n<p>Valderrodrigo es un municipio de la provincia de Salamanca (Castilla y Le\u00f3n) situado a 78 kil\u00f3metros de esta y enmarcado en la comarca de Vitigudino, dentro de la zona de La Ramajer\u00eda. Como entidad local es parte de la mancomunidad de Centro Duero.<\/p>\n\n\n\n<p>El n\u00facleo poblacional se sit\u00faa a 733 metros de altura y su t\u00e9rmino municipal, lim\u00edtrofe con los de Guadramiro, Barce\u00edno, Las Uces, Valsalabroso, Cabeza del Caballo, Villasbuenas y Encinasola de los Comendadores, cuenta con 2235 hect\u00e1reas.<\/p>\n\n\n\n<p>En la actualidad el pueblo cuenta con 129 habitantes (INE, 2025), con una densidad de 5,77 hab.\/km<sup>2<\/sup>  y presenta, como la mayor\u00eda de los municipios de su entorno, un acusado descenso poblacional.<\/p>\n\n\n\n<figure class=\"wp-block-image size-full\"><img loading=\"lazy\" decoding=\"async\" width=\"837\" height=\"363\" src=\"http:\/\/eltoritoperdigon.es\/wp-content\/uploads\/2026\/01\/Actual.png\" alt=\"\" class=\"wp-image-1230\" srcset=\"https:\/\/eltoritoperdigon.es\/wp-content\/uploads\/2026\/01\/Actual.png 837w, https:\/\/eltoritoperdigon.es\/wp-content\/uploads\/2026\/01\/Actual-300x130.png 300w, https:\/\/eltoritoperdigon.es\/wp-content\/uploads\/2026\/01\/Actual-768x333.png 768w\" sizes=\"auto, (max-width: 837px) 100vw, 837px\" \/><figcaption class=\"wp-element-caption\">Evoluci\u00f3n poblacional de Valderrodrigo (INE, 2026)<\/figcaption><\/figure>\n\n\n\n<p>A nivel econ\u00f3mico su renta media es de 20.650 \u20ac, lo que lo sit\u00faa como uno de los pueblos con m\u00e1s riqueza de la zona, ubicado entre el 33-38% de los municipios m\u00e1s ricos de Espa\u00f1a y el 25-31% m\u00e1s rico de Castilla y Le\u00f3n (INE, 2025). Aunque en los \u00faltimos a\u00f1os las ocupaciones de sus habitantes se han diversificado, contin\u00faan un predominio de la dedicaci\u00f3n a la agricultura y la ganader\u00eda.<\/p>\n\n\n\n<figure class=\"wp-block-image size-large\"><img loading=\"lazy\" decoding=\"async\" width=\"1063\" height=\"598\" src=\"http:\/\/eltoritoperdigon.es\/wp-content\/uploads\/2026\/01\/Captura-de-Pantalla-2026-01-26-a-las-21.43.46-1-edited.png\" alt=\"\" class=\"wp-image-1249\" srcset=\"https:\/\/eltoritoperdigon.es\/wp-content\/uploads\/2026\/01\/Captura-de-Pantalla-2026-01-26-a-las-21.43.46-1-edited.png 1063w, https:\/\/eltoritoperdigon.es\/wp-content\/uploads\/2026\/01\/Captura-de-Pantalla-2026-01-26-a-las-21.43.46-1-edited-300x169.png 300w, https:\/\/eltoritoperdigon.es\/wp-content\/uploads\/2026\/01\/Captura-de-Pantalla-2026-01-26-a-las-21.43.46-1-edited-1024x576.png 1024w, https:\/\/eltoritoperdigon.es\/wp-content\/uploads\/2026\/01\/Captura-de-Pantalla-2026-01-26-a-las-21.43.46-1-edited-768x432.png 768w\" sizes=\"auto, (max-width: 1063px) 100vw, 1063px\" \/><figcaption class=\"wp-element-caption\">Mapa de la riqueza en Espa\u00f1a en el a\u00f1o 2025<\/figcaption><\/figure>\n\n\n\n<p>En el presente la composici\u00f3n de su corporaci\u00f3n municipal es la siguiente:<\/p>\n\n\n\n<ul class=\"wp-block-list\">\n<li>Alcalde: Jos\u00e9 San Francisco Vicente (PP)<\/li>\n\n\n\n<li>Tte. Alcalde: Jos\u00e9 \u00c1ngel Benito Mart\u00edn (PP)<\/li>\n\n\n\n<li>Concejales:\n<ul class=\"wp-block-list\">\n<li>Bel\u00e9n Arroyo Mart\u00edn (PP)<\/li>\n\n\n\n<li>Sara Mar\u00eda Moronta Calvo (PP)<\/li>\n\n\n\n<li>Alberto Gil D\u00edaz (PP)<\/li>\n<\/ul>\n<\/li>\n<\/ul>\n\n\n\n<details class=\"wp-block-details is-layout-flow wp-block-details-is-layout-flow\"><summary>Hist\u00f3rico de corporaciones municipales<\/summary>\n<ul class=\"wp-block-list\">\n<li>2019-2023\n<ul class=\"wp-block-list\">\n<li>Alcalde: Eduardo Rodr\u00edguez Vicente (PP)<\/li>\n\n\n\n<li>Tte. Alcalde: Jos\u00e9 San Francisco Vicente (PP)<\/li>\n\n\n\n<li>Concejales:\n<ul class=\"wp-block-list\">\n<li>Jos\u00e9 \u00c1ngel Benito Mart\u00edn (PP)<\/li>\n\n\n\n<li>\u00c1ngel Benito Vicente (PP)<\/li>\n\n\n\n<li>Juan Agust\u00edn Rodr\u00edguez Mart\u00edn (PP)<\/li>\n<\/ul>\n<\/li>\n<\/ul>\n<\/li>\n\n\n\n<li>2015-2019\n<ul class=\"wp-block-list\">\n<li>Alcalde: Eduardo Rodr\u00edguez Vicente (PP)<\/li>\n\n\n\n<li>Tte. Alcalde: Manuel Jos\u00e9 Vicente Vicente (PP)<\/li>\n\n\n\n<li>Concejales:\n<ul class=\"wp-block-list\">\n<li>Juan Agust\u00edn Rodr\u00edguez Mart\u00edn (PP)<\/li>\n\n\n\n<li>\u00c1ngel Benito Vicente (PP)<\/li>\n\n\n\n<li>Jos\u00e9 \u00c1ngel Benito Mart\u00edn (PP)<\/li>\n<\/ul>\n<\/li>\n<\/ul>\n<\/li>\n\n\n\n<li>2011-2015\n<ul class=\"wp-block-list\">\n<li>Alcalde: Eduardo Rodr\u00edguez Vicente (PP)<\/li>\n\n\n\n<li>Concejales:\n<ul class=\"wp-block-list\">\n<li>\u00c1ngel Benito Vicente (PP)<\/li>\n\n\n\n<li>Eliverio Moronta Mart\u00edn (PP)<\/li>\n\n\n\n<li>Manuel Jos\u00e9 Vicente Vicente (PP)<\/li>\n\n\n\n<li>Juan Agust\u00edn Rodr\u00edguez Mart\u00edn (PP)<\/li>\n<\/ul>\n<\/li>\n<\/ul>\n<\/li>\n\n\n\n<li>2007-2011\n<ul class=\"wp-block-list\">\n<li>Alcalde: Eduardo Rodr\u00edguez Vicente (PP)<\/li>\n\n\n\n<li>Concejales:\n<ul class=\"wp-block-list\">\n<li>\u00c1ngel Benito Vicente (PP)<\/li>\n\n\n\n<li>Gonzalo Vicente Vicente (PP)<\/li>\n\n\n\n<li>Jos\u00e9 Leandro Mart\u00edn Moronta (PP)<\/li>\n\n\n\n<li>Alberto Gil D\u00edaz (PP)<\/li>\n<\/ul>\n<\/li>\n<\/ul>\n<\/li>\n\n\n\n<li>2003-2007\n<ul class=\"wp-block-list\">\n<li>Alcalde: Eduardo Rodr\u00edguez Vicente (PP)<\/li>\n\n\n\n<li>Concejales:\n<ul class=\"wp-block-list\">\n<li>\u00c1ngel Benito Vicente (PP)<\/li>\n\n\n\n<li>Laurentino Moronta Rodr\u00edguez (PP)<\/li>\n\n\n\n<li>Francisco Javier Vicente Bartolom\u00e9 (PP)<\/li>\n\n\n\n<li>Jos\u00e9 Leandro Mart\u00edn Moronta (PP)<\/li>\n<\/ul>\n<\/li>\n<\/ul>\n<\/li>\n<\/ul>\n<\/details>\n\n\n\n<p>Su patrona es Ntra. Sra. del Rosario, en cuyo honor se celebra la fiesta de las madrinas coincidiendo siempre con el primer domingo de octubre. Festividad a la que, desde el a\u00f1o 2004, se une la de \u00abEl Torito Perdig\u00f3n\u00bb el \u00faltimo fin de semana de julio.<\/p>\n\n\n\n<figure class=\"wp-block-image aligncenter size-large is-resized is-style-rounded is-style-rounded--2\"><img loading=\"lazy\" decoding=\"async\" width=\"602\" height=\"1024\" src=\"http:\/\/eltoritoperdigon.es\/wp-content\/uploads\/2026\/01\/IMG_9799-602x1024.jpg\" alt=\"\" class=\"wp-image-1250\" style=\"width:256px\" srcset=\"https:\/\/eltoritoperdigon.es\/wp-content\/uploads\/2026\/01\/IMG_9799-602x1024.jpg 602w, https:\/\/eltoritoperdigon.es\/wp-content\/uploads\/2026\/01\/IMG_9799-176x300.jpg 176w, https:\/\/eltoritoperdigon.es\/wp-content\/uploads\/2026\/01\/IMG_9799-768x1306.jpg 768w, https:\/\/eltoritoperdigon.es\/wp-content\/uploads\/2026\/01\/IMG_9799-903x1536.jpg 903w, https:\/\/eltoritoperdigon.es\/wp-content\/uploads\/2026\/01\/IMG_9799-1204x2048.jpg 1204w, https:\/\/eltoritoperdigon.es\/wp-content\/uploads\/2026\/01\/IMG_9799-scaled.jpg 1506w\" sizes=\"auto, (max-width: 602px) 100vw, 602px\" \/><figcaption class=\"wp-element-caption\">Fotograf\u00eda de Ntra. Sra. del Rosario<\/figcaption><\/figure>\n","protected":false},"excerpt":{"rendered":"<p>Valderrodrigo es un municipio de la provincia de Salamanca (Castilla y Le\u00f3n) situado a 78 kil\u00f3metros de esta y enmarcado en la comarca de Vitigudino, dentro de la zona de La Ramajer\u00eda. Como entidad local es parte de la mancomunidad de Centro Duero. El n\u00facleo poblacional se sit\u00faa a 733 metros de altura y su [&hellip;]<\/p>\n","protected":false},"author":1,"featured_media":0,"parent":0,"menu_order":0,"comment_status":"closed","ping_status":"closed","template":"","meta":{"footnotes":""},"class_list":["post-1246","page","type-page","status-publish","hentry"],"_links":{"self":[{"href":"https:\/\/eltoritoperdigon.es\/index.php?rest_route=\/wp\/v2\/pages\/1246","targetHints":{"allow":["GET"]}}],"collection":[{"href":"https:\/\/eltoritoperdigon.es\/index.php?rest_route=\/wp\/v2\/pages"}],"about":[{"href":"https:\/\/eltoritoperdigon.es\/index.php?rest_route=\/wp\/v2\/types\/page"}],"author":[{"embeddable":true,"href":"https:\/\/eltoritoperdigon.es\/index.php?rest_route=\/wp\/v2\/users\/1"}],"replies":[{"embeddable":true,"href":"https:\/\/eltoritoperdigon.es\/index.php?rest_route=%2Fwp%2Fv2%2Fcomments&post=1246"}],"version-history":[{"count":1,"href":"https:\/\/eltoritoperdigon.es\/index.php?rest_route=\/wp\/v2\/pages\/1246\/revisions"}],"predecessor-version":[{"id":1251,"href":"https:\/\/eltoritoperdigon.es\/index.php?rest_route=\/wp\/v2\/pages\/1246\/revisions\/1251"}],"wp:attachment":[{"href":"https:\/\/eltoritoperdigon.es\/index.php?rest_route=%2Fwp%2Fv2%2Fmedia&parent=1246"}],"curies":[{"name":"wp","href":"https:\/\/api.w.org\/{rel}","templated":true}]}}