{"id":1258,"date":"2026-01-26T23:22:43","date_gmt":"2026-01-26T23:22:43","guid":{"rendered":"http:\/\/eltoritoperdigon.es\/?page_id=1258"},"modified":"2026-01-26T23:24:43","modified_gmt":"2026-01-26T23:24:43","slug":"coplas-al-torito-perdigon","status":"publish","type":"page","link":"https:\/\/eltoritoperdigon.es\/?page_id=1258","title":{"rendered":"Coplas al Torito Perdig\u00f3n"},"content":{"rendered":"\n<div class=\"wp-block-group alignfull has-accent-2-background-color has-background has-global-padding is-layout-constrained wp-container-core-group-is-layout-669513ed wp-block-group-is-layout-constrained\" style=\"margin-top:0;margin-bottom:0;padding-top:var(--wp--preset--spacing--50);padding-right:var(--wp--preset--spacing--50);padding-bottom:var(--wp--preset--spacing--50);padding-left:var(--wp--preset--spacing--50)\">\n<div class=\"wp-block-columns alignwide is-layout-flex wp-container-core-columns-is-layout-28f84493 wp-block-columns-is-layout-flex\">\n<div class=\"wp-block-column is-layout-flow wp-block-column-is-layout-flow\" style=\"flex-basis:40%\">\n<p class=\"wp-container-content-0733e5d0\">Estas coplas realizadas con motivo de la fiesta por la inauguraci\u00f3n del puente \u00abEl Ran\u00bb en el a\u00f1o 1904, se han convertido en himno y lema del municipio de Valderrodrigo, caracterizado por esa \u00abuni\u00f3n\u00bb que rezan sus estrofas.<\/p>\n<\/div>\n\n\n\n<div class=\"wp-block-column is-layout-flow wp-block-column-is-layout-flow\" style=\"flex-basis:60%\">\n<p class=\"has-heading-font-family has-x-large-font-size\" style=\"line-height:1.2\">Las coplas<\/p>\n<\/div>\n<\/div>\n\n\n\n<div style=\"height:var(--wp--preset--spacing--40)\" aria-hidden=\"true\" class=\"wp-block-spacer\"><\/div>\n\n\n\n<figure class=\"wp-block-embed is-type-video is-provider-youtube wp-block-embed-youtube wp-embed-aspect-16-9 wp-has-aspect-ratio\"><div class=\"wp-block-embed__wrapper\">\n<iframe loading=\"lazy\" title=\"Coplas 120 Aniversario\" width=\"500\" height=\"281\" src=\"https:\/\/www.youtube.com\/embed\/XmNS3r3LJtY?feature=oembed\" frameborder=\"0\" allow=\"accelerometer; autoplay; clipboard-write; encrypted-media; gyroscope; picture-in-picture; web-share\" referrerpolicy=\"strict-origin-when-cross-origin\" allowfullscreen><\/iframe>\n<\/div><\/figure>\n<\/div>\n\n\n\n<div class=\"wp-block-group alignfull has-base-background-color has-background has-global-padding is-layout-constrained wp-container-core-group-is-layout-d89aad35 wp-block-group-is-layout-constrained\" style=\"margin-top:0;margin-bottom:0;padding-top:var(--wp--preset--spacing--50);padding-right:var(--wp--preset--spacing--50);padding-bottom:var(--wp--preset--spacing--50);padding-left:var(--wp--preset--spacing--50)\">\n<div class=\"wp-block-columns alignwide is-layout-flex wp-container-core-columns-is-layout-549b0c86 wp-block-columns-is-layout-flex\">\n<div class=\"wp-block-column is-layout-flow wp-block-column-is-layout-flow\">\n<div class=\"wp-block-columns is-layout-flex wp-container-core-columns-is-layout-28f84493 wp-block-columns-is-layout-flex\">\n<div class=\"wp-block-column is-layout-flow wp-block-column-is-layout-flow\">\n<blockquote class=\"wp-block-quote is-layout-flow wp-block-quote-is-layout-flow\" style=\"font-size:clamp(17.905px, 1.119rem + ((1vw - 3.2px) * 1.052), 28px);\">\n<p>Provincia de Salamanca<br>Partido Vitigudino<br>han celebrado una fiesta<br>el pueblo Valderrodrigo<\/p>\n\n\n\n<p>El se\u00f1or Camilo \u00abEl Ran\u00bb<br>donde la fabrica tiene<br>del otro lado de r\u00edo<br>trato de tender un puente<\/p>\n\n\n\n<p>En los pasos del Molino<br>donde la f\u00e1brica tiene<br>echa sus cuentas Camilo:<br>\u00abAqu\u00ed un puente me conviene\u00bb<\/p>\n\n\n\n<p>Ya principiaron el puente<br>el puente ya se acab\u00f3<br>y del contento Camilo<br>una corrida ofreci\u00f3.<\/p>\n\n\n\n<p>Y los mocitos le dicen<br>todos juntos en reuni\u00f3n<br>pa tan s\u00f3lo una corrida<br>es muy poquita funci\u00f3n<br>es mejor matar un toro<br>se ajustan al \u00abPerdig\u00f3n\u00bb<\/p>\n\n\n\n<p>&nbsp;&nbsp;&nbsp;&nbsp;&nbsp;&nbsp;&nbsp;&nbsp;&nbsp;&nbsp;&nbsp;&nbsp;&nbsp;&nbsp;&nbsp;&nbsp; I <\/p>\n\n\n\n<p>\u00a1Valderrodrigo<br>viva la uni\u00f3n<br>esa mucha y buena sangre<br>y ese noble coraz\u00f3n!<\/p>\n\n\n\n<p>En mil novecientos cuatro<br>cerca de Navidad<br>el pueblo Valderrodrigo<br>forma una sociedad<\/p>\n\n\n\n<p>La sociedad se compone<br>de cuarenta y dos vecinos<br>para tener una fiesta<br>compra un buey a Camilo<br>para los mozos matarle<\/p>\n\n\n\n<p>Se llamaba \u00abPerdig\u00f3n\u00bb<br>el buey del que hemos hablado<br>y al pueblo Valderrodrigo<br>lo tenia atemorizado<\/p>\n\n\n\n<p>Es un buey de raza fina<br>desciende de Tragunt\u00eda<br>y se lo dio el t\u00edo Montero<br>cuando se cas\u00f3 la Emilia<\/p>\n\n\n\n<p>Desde el d\u00eda que se compro<br>queda suelto en el sembrado<br>el d\u00eda de Navidad<br>determinaron matarlo<\/p>\n\n\n\n<p>Fue tanta la mala idea<br>que se cogi\u00f3 por el sembrado<br>que todo aquel que ve\u00eda<br>se cortaba como el rayo<\/p>\n\n\n\n<p>Buena cuenta tuvo el pueblo<br>traerlo por el sembrado<br>que ahora pide el t\u00edo \u00abBarroso\u00bb<br>cien pesetas por el da\u00f1o<\/p>\n\n\n\n<p>El s\u00e1bado por la tarde<br>ya lo traen para embolar<br>y las madres de los mozos<br>ya principian a llorar<\/p>\n\n\n\n<p>Le dijeron a Camilo<br>los mozos muy animados:<br>\u00abVe t\u00fa a embolar el novillo<br>no digas le hacemos da\u00f1o\u00bb<\/p>\n\n\n\n<p>Ya lo llevan para el potro<br>u\u00f1ido con una vaca<br>y por morrar a la gente<br>casi la lleva a la rastra<\/p>\n\n\n\n<p>Ya lo tienen en el potro<br>y lo tratan de meter<br>y de los golpes que tira<br>ninguno se arrima a \u00e9l<\/p>\n\n\n\n<p>Ya embolaron al buey<br>con much\u00edsimo sigilo<br>los que entran en sociedad<br>y el amo se\u00f1or Camilo<\/p>\n\n\n\n<p>Ya soltaron al novillo<br>sale por el \u00abVallezal\u00bb<br>toda la gente dec\u00eda<br>\u00ab\u00bfDonde \u00e9l ir\u00e1 a parar?\u00bb<\/p>\n\n\n\n<p>Sale en busca de \u00e9l Camilo<br>a las tres de la ma\u00f1ana<br>y lo encontraron en la \u00abHoja\u00bb<br>en el valle de \u00abLas Mangas\u00bb<\/p>\n\n\n\n<p>Ha marchado a su molino<br>los bueyes se fue a buscar<br>con ellos al \u00abPerdig\u00f3n\u00bb<br>para poderlo encerrar.<\/p>\n\n\n\n<p>Lo ha encerrado en el Toril<br>con mucha capacidad<br>y puso dos centinelas<br>no lo vayan a matar<\/p>\n\n\n\n<p>Padres y madres de mozos<br>todos dicen a una voz<br>\u00a1Si se muriera esta noche<br>de repente el Perdig\u00f3n!<\/p>\n\n\n\n<p class=\"has-text-align-center\" style=\"font-size:clamp(17.371px, 1.086rem + ((1vw - 3.2px) * 1.003), 27px);\">II<\/p>\n\n\n\n<p style=\"font-size:clamp(17.371px, 1.086rem + ((1vw - 3.2px) * 1.003), 27px);\">Las madres lloran<br>con gran dolor:<br>\u00abAdi\u00f3s hijitos de alma&nbsp;<br>prendas de mi coraz\u00f3n\u00bb<\/p>\n<\/blockquote>\n<\/div>\n\n\n\n<div class=\"wp-block-column is-layout-flow wp-block-column-is-layout-flow\">\n<blockquote class=\"wp-block-quote is-layout-flow wp-block-quote-is-layout-flow\">\n<p class=\"has-text-align-left\" style=\"font-size:clamp(17.371px, 1.086rem + ((1vw - 3.2px) * 1.003), 27px);\">Pr\u00f3ximamente a las doce<br>del d\u00eda de Navidad<br>los toreros en sus casas&nbsp;<br>principian a preparar<\/p>\n\n\n\n<p style=\"font-size:clamp(17.371px, 1.086rem + ((1vw - 3.2px) * 1.003), 27px);\">&nbsp;Y despu\u00e9s de preparados<br>ninguno est\u00e1 cobarde<br>y se marchan en seguida<br>por el se\u00f1or Alcalde<\/p>\n\n\n\n<p style=\"font-size:clamp(17.371px, 1.086rem + ((1vw - 3.2px) * 1.003), 27px);\">En compa\u00f1\u00eda del Alcalde<br>y todo el Ayuntamiento<br>ya se marchan a buscar&nbsp;<br>a los p\u00e1rrocos del pueblo<\/p>\n\n\n\n<p style=\"font-size:clamp(17.371px, 1.086rem + ((1vw - 3.2px) * 1.003), 27px);\">Con orden sin perder paso<br>entran en redondel<br>y la jaca del \u00abCorreo\u00bb<br>da gusto verla correr<\/p>\n\n\n\n<p style=\"font-size:clamp(17.371px, 1.086rem + ((1vw - 3.2px) * 1.003), 27px);\">Anduvieron de paseo<br>por la plaza alrededor<br>y despu\u00e9s que concluyeron<br>Camilo se luci\u00f3<\/p>\n\n\n\n<p style=\"font-size:clamp(17.371px, 1.086rem + ((1vw - 3.2px) * 1.003), 27px);\">Era el mozo de bandera&nbsp;<br>a ondearla comenz\u00f3<br>y sali\u00f3 tan bien en ella<br>que mil aplausos gan\u00f3<\/p>\n\n\n\n<p style=\"font-size:clamp(17.371px, 1.086rem + ((1vw - 3.2px) * 1.003), 27px);\">Ya principia la corrida<br>buenos bueyes y novillos<br>nadie sale a torearlos<br>por miedo de ser cogido<\/p>\n\n\n\n<p style=\"font-size:clamp(17.371px, 1.086rem + ((1vw - 3.2px) * 1.003), 27px);\">Buenos toreros<br>de gran valor<br>en seguida lo mayaron<br>al torito \u00abPerdig\u00f3n\u00bb<\/p>\n\n\n\n<p style=\"font-size:clamp(17.371px, 1.086rem + ((1vw - 3.2px) * 1.003), 27px);\">&nbsp;&nbsp;&nbsp;&nbsp;&nbsp;&nbsp;&nbsp;&nbsp;&nbsp;&nbsp;&nbsp;&nbsp; III<\/p>\n\n\n\n<p style=\"font-size:clamp(17.371px, 1.086rem + ((1vw - 3.2px) * 1.003), 27px);\">Ya termin\u00f3 la corrida<br>y dieron otro paseo<br>principiaron a prepararse<br>sin ninguno tener miedo<\/p>\n\n\n\n<p style=\"font-size:clamp(17.371px, 1.086rem + ((1vw - 3.2px) * 1.003), 27px);\">A un piquero, su caballo,<br>a Antonio, el hijo de la Isabel,<br>le sali\u00f3 tirando botes<br>no lo fue para caer<\/p>\n\n\n\n<p style=\"font-size:clamp(17.371px, 1.086rem + ((1vw - 3.2px) * 1.003), 27px);\">Ya se dirige de David<br>otro de los tres piqueros<br>y el toro lo ha enredado<br>en las bridas con un cuerno<\/p>\n\n\n\n<p style=\"font-size:clamp(17.371px, 1.086rem + ((1vw - 3.2px) * 1.003), 27px);\">Despu\u00e9s se desenredo<br>sin tener pena, ni susto,<br>suelta las bridas, lo pica<br>dos veces bien a su gusto<\/p>\n\n\n\n<p style=\"font-size:clamp(17.371px, 1.086rem + ((1vw - 3.2px) * 1.003), 27px);\">Otro de los tres piqueros<br>que se llamaba Ram\u00f3n<br>le ha dado una picada&nbsp;<br>que enseguida le manc\u00f3<\/p>\n\n\n\n<p style=\"font-size:clamp(17.371px, 1.086rem + ((1vw - 3.2px) * 1.003), 27px);\">Ahora viene Teodoro<br>\u00faltimo banderillero<br>ha tenido la ocasi\u00f3n<br>y se las puso primero<\/p>\n\n\n\n<p style=\"font-size:clamp(17.371px, 1.086rem + ((1vw - 3.2px) * 1.003), 27px);\">Ya viene despu\u00e9s el Lucas<br>el hijo del Secretario<br>le puso las banderillas<br>con mucho salero y garbo<\/p>\n\n\n\n<p style=\"font-size:clamp(17.371px, 1.086rem + ((1vw - 3.2px) * 1.003), 27px);\">Y ahora viene Francisco<br>el hijo de la \u00abJarita\u00bb<br>se las puso con ma\u00f1a<br>que parec\u00eda \u00abGuerrita\u00bb<\/p>\n\n\n\n<p style=\"font-size:clamp(17.371px, 1.086rem + ((1vw - 3.2px) * 1.003), 27px);\">Ese que llaman Mart\u00edn<br>ese mozo tan valiente<br>que se ha echado a llorar<br>delante de toda la gente<\/p>\n\n\n\n<p style=\"font-size:clamp(17.371px, 1.086rem + ((1vw - 3.2px) * 1.003), 27px);\">Ese mozo Nicol\u00e1s<br>que es mozo fanfarr\u00f3n<br>se ha bajado del caballo<br>y derrot\u00f3 la funci\u00f3n<\/p>\n\n\n\n<p style=\"font-size:clamp(17.371px, 1.086rem + ((1vw - 3.2px) * 1.003), 27px);\">Ahora sale Sebasti\u00e1n<br>el hijo de la t\u00eda \u00abUva\u00bb<br>ese pronto nos lo tapa<br>al \u00abPerdig\u00f3n\u00bb con sus plumas<\/p>\n\n\n\n<p style=\"font-size:clamp(17.371px, 1.086rem + ((1vw - 3.2px) * 1.003), 27px);\">Ahora viene Dionisio<br>se le ha domado la espada<br>coge despu\u00e9s el estoque<br>y le enterr\u00f3 una es<\/p>\n\n\n\n<p style=\"font-size:clamp(17.371px, 1.086rem + ((1vw - 3.2px) * 1.003), 27px);\">Ese que llaman Teodoro<br>el hijo de la t\u00eda Rosa<br>que ha matado al Perdig\u00f3n<br>por ganar la mejor moza<\/p>\n\n\n\n<p style=\"font-size:clamp(17.371px, 1.086rem + ((1vw - 3.2px) * 1.003), 27px);\">El torito Perdig\u00f3n<br>lo mataron con garrocha<br>y lo ha matado Ram\u00f3n<br>el hijo de la t\u00eda Rosa<\/p>\n\n\n\n<p style=\"font-size:clamp(17.371px, 1.086rem + ((1vw - 3.2px) * 1.003), 27px);\">Nos perdon\u00e9is las faltas<br>de esta lucida funci\u00f3n<br>aqu\u00ed se acaba la historia<br>se termina \u00abEl Perdig\u00f3n\u00bb<\/p>\n\n\n\n<p style=\"font-size:clamp(17.371px, 1.086rem + ((1vw - 3.2px) * 1.003), 27px);\">Dios le d\u00e9 gracia y salud<br>a los famosos toreros<br>y los lleve cuando guste<br>para el reino de los cielos<\/p>\n\n\n\n<p style=\"font-size:clamp(17.371px, 1.086rem + ((1vw - 3.2px) * 1.003), 27px);\">Estas coplas compusieron<br>con ocasi\u00f3n de la fiesta<br>dos hermanos montaraces<br>la Feliciana y Ca\u00f1eta<\/p>\n\n\n\n<p style=\"font-size:clamp(17.371px, 1.086rem + ((1vw - 3.2px) * 1.003), 27px);\">\u00a1Valderrodrigo<br>viva la uni\u00f3n<br>esa mucha y buena sangre<br>y ese noble coraz\u00f3n!<\/p>\n<\/blockquote>\n<\/div>\n<\/div>\n<\/div>\n<\/div>\n<\/div>\n\n\n\n<div class=\"wp-block-cover alignfull has-parallax\" style=\"padding-top:var(--wp--preset--spacing--50);padding-right:var(--wp--preset--spacing--50);padding-bottom:var(--wp--preset--spacing--50);padding-left:var(--wp--preset--spacing--50);min-height:100vh;aspect-ratio:unset;\"><div class=\"wp-block-cover__image-background wp-image-1232 size-large has-parallax\" style=\"background-position:50% 50%;background-image:url(http:\/\/eltoritoperdigon.es\/wp-content\/uploads\/2026\/01\/PHOTO-2025-12-01-14-55-12-1-1024x768.jpg)\"><\/div><span aria-hidden=\"true\" class=\"wp-block-cover__background has-base-background-color has-background-dim-0 has-background-dim\"><\/span><div class=\"wp-block-cover__inner-container has-global-padding is-layout-constrained wp-container-core-cover-is-layout-e4fd886c wp-block-cover-is-layout-constrained\">\n<div style=\"height:500px\" aria-hidden=\"true\" class=\"wp-block-spacer\"><\/div>\n<\/div><\/div>\n\n\n\n<div class=\"wp-block-group alignfull has-base-2-color has-contrast-background-color has-text-color has-background has-link-color wp-elements-7cd2599bfe3462887633241813ab4338 has-global-padding is-layout-constrained wp-container-core-group-is-layout-facafb6f wp-block-group-is-layout-constrained\" style=\"margin-top:0;margin-bottom:0;padding-top:var(--wp--preset--spacing--50);padding-right:var(--wp--preset--spacing--50);padding-bottom:var(--wp--preset--spacing--50);padding-left:var(--wp--preset--spacing--50)\">\n<p class=\"has-text-align-center\" style=\"font-size:clamp(29.768px, 1.861rem + ((1vw - 3.2px) * 2.316), 52px);\"><em>\u00abValderrodrigo<br>viva la uni\u00f3n<br>esa mucha y buena sangre<br>y ese noble coraz\u00f3n<\/em>\u00ab<\/p>\n<\/div>\n\n\n\n<p><\/p>\n","protected":false},"excerpt":{"rendered":"<p>Estas coplas realizadas con motivo de la fiesta por la inauguraci\u00f3n del puente \u00abEl Ran\u00bb en el a\u00f1o 1904, se han convertido en himno y lema del municipio de Valderrodrigo, caracterizado por esa \u00abuni\u00f3n\u00bb que rezan sus estrofas. Las coplas Provincia de SalamancaPartido Vitigudinohan celebrado una fiestael pueblo Valderrodrigo El se\u00f1or Camilo \u00abEl Ran\u00bbdonde la [&hellip;]<\/p>\n","protected":false},"author":1,"featured_media":0,"parent":0,"menu_order":0,"comment_status":"closed","ping_status":"closed","template":"","meta":{"footnotes":""},"class_list":["post-1258","page","type-page","status-publish","hentry"],"_links":{"self":[{"href":"https:\/\/eltoritoperdigon.es\/index.php?rest_route=\/wp\/v2\/pages\/1258","targetHints":{"allow":["GET"]}}],"collection":[{"href":"https:\/\/eltoritoperdigon.es\/index.php?rest_route=\/wp\/v2\/pages"}],"about":[{"href":"https:\/\/eltoritoperdigon.es\/index.php?rest_route=\/wp\/v2\/types\/page"}],"author":[{"embeddable":true,"href":"https:\/\/eltoritoperdigon.es\/index.php?rest_route=\/wp\/v2\/users\/1"}],"replies":[{"embeddable":true,"href":"https:\/\/eltoritoperdigon.es\/index.php?rest_route=%2Fwp%2Fv2%2Fcomments&post=1258"}],"version-history":[{"count":2,"href":"https:\/\/eltoritoperdigon.es\/index.php?rest_route=\/wp\/v2\/pages\/1258\/revisions"}],"predecessor-version":[{"id":1264,"href":"https:\/\/eltoritoperdigon.es\/index.php?rest_route=\/wp\/v2\/pages\/1258\/revisions\/1264"}],"wp:attachment":[{"href":"https:\/\/eltoritoperdigon.es\/index.php?rest_route=%2Fwp%2Fv2%2Fmedia&parent=1258"}],"curies":[{"name":"wp","href":"https:\/\/api.w.org\/{rel}","templated":true}]}}